{"id":11808,"date":"2026-02-06T11:50:45","date_gmt":"2026-02-06T11:50:45","guid":{"rendered":"https:\/\/lazord-beauty.com\/?post_type=product&#038;p=11808"},"modified":"2026-03-15T19:52:43","modified_gmt":"2026-03-15T19:52:43","slug":"box-6-cure-biotine-fortifiante-lazord","status":"publish","type":"product","link":"https:\/\/lazord-beauty.com\/fr\/produit\/box-6-cure-biotine-fortifiante-lazord\/","title":{"rendered":"Box 6 \u2013 Cure Biotine Fortifiante Lazord"},"content":{"rendered":"\t\t<div data-elementor-type=\"product-post\" data-elementor-id=\"11808\" class=\"elementor elementor-11808\">\n\t\t\t\t\t\t<section class=\"wd-negative-gap elementor-section elementor-top-section elementor-element elementor-element-45f3c583 elementor-section-boxed elementor-section-height-default elementor-section-height-default wd-section-disabled\" data-id=\"45f3c583\" data-element_type=\"section\">\n\t\t\t\t\t\t<div class=\"elementor-container elementor-column-gap-default\">\n\t\t\t\t\t<div class=\"elementor-column elementor-col-100 elementor-top-column elementor-element elementor-element-416afdc5\" data-id=\"416afdc5\" data-element_type=\"column\">\n\t\t\t<div class=\"elementor-widget-wrap elementor-element-populated\">\n\t\t\t\t\t\t<div class=\"elementor-element elementor-element-7ede7415 color-scheme-inherit text-left elementor-widget elementor-widget-text-editor\" data-id=\"7ede7415\" data-element_type=\"widget\" data-widget_type=\"text-editor.default\">\n\t\t\t\t<div class=\"elementor-widget-container\">\n\t\t\t<style>\/*! elementor - v3.21.0 - 26-05-2024 *\/\n.elementor-widget-text-editor.elementor-drop-cap-view-stacked .elementor-drop-cap{background-color:#69727d;color:#fff}.elementor-widget-text-editor.elementor-drop-cap-view-framed .elementor-drop-cap{color:#69727d;border:3px solid;background-color:transparent}.elementor-widget-text-editor:not(.elementor-drop-cap-view-default) .elementor-drop-cap{margin-top:8px}.elementor-widget-text-editor:not(.elementor-drop-cap-view-default) .elementor-drop-cap-letter{width:1em;height:1em}.elementor-widget-text-editor .elementor-drop-cap{float:left;text-align:center;line-height:1;font-size:50px}.elementor-widget-text-editor .elementor-drop-cap-letter{display:inline-block}<\/style>\t\t\t\t<p data-start=\"745\" data-end=\"1014\">La <strong data-start=\"748\" data-end=\"787\">Box Cure Biotine Fortifiante Lazord<\/strong> est un soin intensif con\u00e7u pour renforcer les cheveux d\u00e8s la racine, stimuler la croissance et am\u00e9liorer la densit\u00e9 capillaire. Cette routine cibl\u00e9e agit directement sur le cuir chevelu pour des r\u00e9sultats visibles et durables.<\/p>\n<p data-start=\"1016\" data-end=\"1675\">Les <strong data-start=\"1020\" data-end=\"1061\">ampoules Lazord Vitamins Hair Ampoule<\/strong> sont formul\u00e9es \u00e0 partir d\u2019un concentr\u00e9 puissant d\u2019ingr\u00e9dients naturels et de vitamines essentielles. La <strong data-start=\"1166\" data-end=\"1177\">biotine<\/strong> renforce les follicules capillaires, r\u00e9duit la chute et favorise la pousse de cheveux plus forts et plus sains.<br data-start=\"1289\" data-end=\"1292\" \/>L\u2019<strong data-start=\"1294\" data-end=\"1312\">huile de ricin<\/strong> nourrit intens\u00e9ment le cuir chevelu et stimule la croissance gr\u00e2ce \u00e0 ses propri\u00e9t\u00e9s fortifiantes.<br data-start=\"1410\" data-end=\"1413\" \/>L\u2019<strong data-start=\"1415\" data-end=\"1437\">extrait de romarin<\/strong> active la microcirculation, redonne vitalit\u00e9 aux cheveux et am\u00e9liore l\u2019oxyg\u00e9nation des racines.<br data-start=\"1533\" data-end=\"1536\" \/>Le <strong data-start=\"1539\" data-end=\"1577\">complexe de vitamines essentielles<\/strong> nourrit le cuir chevelu en profondeur, pr\u00e9serve la sant\u00e9 des cheveux et leur brillance naturelle.<\/p>\n<p data-start=\"1677\" data-end=\"2002\">La <strong data-start=\"1680\" data-end=\"1694\">dermaroule<\/strong> incluse dans la box joue un r\u00f4le cl\u00e9 dans l\u2019efficacit\u00e9 du soin. Elle stimule la circulation sanguine du cuir chevelu et am\u00e9liore l\u2019absorption des actifs, permettant aux ampoules d\u2019agir plus profond\u00e9ment et plus efficacement. L\u2019application procure \u00e9galement une sensation de fra\u00eecheur et de puret\u00e9 imm\u00e9diate.<\/p>\n<p data-start=\"2004\" data-end=\"2177\">Utilis\u00e9s ensemble, ces soins Lazord forment une cure compl\u00e8te qui <strong data-start=\"2070\" data-end=\"2134\">r\u00e9duit la chute, stimule la repousse et renforce les cheveux<\/strong>, tout en am\u00e9liorant la densit\u00e9 capillaire.<\/p>\n\n<h3 data-start=\"2179\" data-end=\"2203\">Mode d\u2019utilisation :<\/h3>\n<p data-start=\"2204\" data-end=\"2673\">Commencez par laver soigneusement vos cheveux et le cuir chevelu.<br data-start=\"2269\" data-end=\"2272\" \/>Sur cuir chevelu propre, passez d\u00e9licatement la dermaroule sur les zones cibl\u00e9es, en effectuant des mouvements horizontaux et verticaux, aller-retour.<br data-start=\"2422\" data-end=\"2425\" \/>\u00c0 l\u2019aide de la pipette, appliquez quelques gouttes de l\u2019ampoule Lazord directement sur le cuir chevelu.<br data-start=\"2528\" data-end=\"2531\" \/>Massez doucement du bout des doigts en mouvements circulaires jusqu\u2019\u00e0 absorption compl\u00e8te.<br data-start=\"2621\" data-end=\"2624\" \/>R\u00e9p\u00e9tez cette routine <strong data-start=\"2646\" data-end=\"2672\">trois fois par semaine<\/strong>.<\/p>\n<p data-start=\"2675\" data-end=\"2854\">R\u00e9sultats : d\u00e8s la premi\u00e8re semaine, la chute diminue. Apr\u00e8s un mois d\u2019utilisation r\u00e9guli\u00e8re, la repousse est visiblement activ\u00e9e et les cheveux sont plus forts et plus denses \ud83c\udf31\u2728<\/p>\t\t\t\t\t\t<\/div>\n\t\t\t\t<\/div>\n\t\t\t\t\t<\/div>\n\t\t<\/div>\n\t\t\t\t\t<\/div>\n\t\t<\/section>\n\t\t\t\t<section class=\"wd-negative-gap elementor-section elementor-top-section elementor-element elementor-element-4df4b7e elementor-section-boxed elementor-section-height-default elementor-section-height-default wd-section-disabled\" data-id=\"4df4b7e\" data-element_type=\"section\">\n\t\t\t\t\t\t<div class=\"elementor-container elementor-column-gap-default\">\n\t\t\t\t\t<div class=\"elementor-column elementor-col-100 elementor-top-column elementor-element elementor-element-5085a2c\" data-id=\"5085a2c\" data-element_type=\"column\" data-settings=\"{&quot;background_background&quot;:&quot;classic&quot;}\">\n\t\t\t<div class=\"elementor-widget-wrap elementor-element-populated\">\n\t\t\t\t\t\t<div class=\"elementor-element elementor-element-c732317 elementor-widget elementor-widget-site_reviews_summary\" data-id=\"c732317\" data-element_type=\"widget\" data-widget_type=\"site_reviews_summary.default\">\n\t\t\t\t<div class=\"elementor-widget-container\">\n\t\t\t<div class=\"glsr glsr-default\" id=\"glsr_949db7a8\" data-from='elementor' data-shortcode='site_reviews_summary' data-assigned_posts='11808' data-hide='[&quot;if_empty&quot;]'><\/div>\t\t<\/div>\n\t\t\t\t<\/div>\n\t\t\t\t<div class=\"elementor-element elementor-element-bb89f87 elementor-widget elementor-widget-site_reviews\" data-id=\"bb89f87\" data-element_type=\"widget\" data-widget_type=\"site_reviews.default\">\n\t\t\t\t<div class=\"elementor-widget-container\">\n\t\t\t<div class=\"glsr glsr-default\" id=\"glsr_8931ea1d\" data-from='elementor' data-shortcode='site_reviews' data-assigned_posts='11808' data-display='10'><div class=\"glsr-reviews-wrap\">\n    <div class=\"glsr-reviews\">\n        <p class=\"glsr-no-margins\">There are no reviews yet. Be the first one to write one.<\/p>\n    <\/div>\n    \n<\/div><\/div>\t\t<\/div>\n\t\t\t\t<\/div>\n\t\t\t\t<div class=\"elementor-element elementor-element-18ce3e8 elementor-widget elementor-widget-heading\" data-id=\"18ce3e8\" data-element_type=\"widget\" data-widget_type=\"heading.default\">\n\t\t\t\t<div class=\"elementor-widget-container\">\n\t\t\t<style>\/*! elementor - v3.21.0 - 26-05-2024 *\/\n.elementor-heading-title{padding:0;margin:0;line-height:1}.elementor-widget-heading .elementor-heading-title[class*=elementor-size-]>a{color:inherit;font-size:inherit;line-height:inherit}.elementor-widget-heading .elementor-heading-title.elementor-size-small{font-size:15px}.elementor-widget-heading .elementor-heading-title.elementor-size-medium{font-size:19px}.elementor-widget-heading .elementor-heading-title.elementor-size-large{font-size:29px}.elementor-widget-heading .elementor-heading-title.elementor-size-xl{font-size:39px}.elementor-widget-heading .elementor-heading-title.elementor-size-xxl{font-size:59px}<\/style><h2 class=\"elementor-heading-title elementor-size-default\">Tell us about your opinion ?<\/h2>\t\t<\/div>\n\t\t\t\t<\/div>\n\t\t\t\t<div class=\"elementor-element elementor-element-39e1d3a elementor-widget elementor-widget-site_reviews_form\" data-id=\"39e1d3a\" data-element_type=\"widget\" data-widget_type=\"site_reviews_form.default\">\n\t\t\t\t<div class=\"elementor-widget-container\">\n\t\t\t<div class=\"glsr glsr-default\" id=\"glsr_a6500ae2\" data-from='elementor' data-shortcode='site_reviews_form' data-assigned_posts='11808'><div class=\"glsr-form-wrap\">\n    <form class=\"glsr-review-form glsr-form\" method=\"post\" enctype=\"multipart\/form-data\">\n        <input name=\"site-reviews[_action]\" type=\"hidden\" value=\"submit-review\"><input name=\"site-reviews[_nonce]\" type=\"hidden\" value=\"2a34506be2\"><input name=\"site-reviews[_post_id]\" type=\"hidden\" value=\"11808\"><input name=\"site-reviews[_referer]\" type=\"hidden\" value=\"\/fr\/wp-json\/wp\/v2\/product\/11808\"><input name=\"site-reviews[assigned_posts]\" type=\"hidden\" value=\"11808\"><input name=\"site-reviews[assigned_terms]\" type=\"hidden\" value=\"\"><input name=\"site-reviews[assigned_users]\" type=\"hidden\" value=\"\"><input name=\"site-reviews[excluded]\" type=\"hidden\" value=\"\"><input name=\"site-reviews[form_id]\" type=\"hidden\" value=\"glsr_a6500ae2\"><input name=\"site-reviews[terms_exist]\" type=\"hidden\" value=\"1\"><div class=\"glsr-field\" style=\"display:none;\"><label class=\"glsr-label glsr-label-text\" for=\"site-reviews-3f599941-glsr_a6500ae2\"><span>Your review<\/span><\/label><input class=\"glsr-input glsr-input-text\" id=\"site-reviews-3f599941-glsr_a6500ae2\" name=\"site-reviews[3f599941]\" type=\"text\" value=\"\"><\/div><div class=\"glsr-field glsr-field-rating glsr-required\" data-field=\"rating\">\n    <label class=\"glsr-label glsr-label-rating\" for=\"site-reviews-rating-glsr_a6500ae2\"><span>Your overall rating<\/span><\/label>\n    <select class=\"glsr-select browser-default no_wrap no-wrap\" id=\"site-reviews-rating-glsr_a6500ae2\" name=\"site-reviews[rating]\" required><option selected value=\"\">Select a Rating<\/option><option value=\"5\">5 Stars<\/option><option value=\"4\">4 Stars<\/option><option value=\"3\">3 Stars<\/option><option value=\"2\">2 Stars<\/option><option value=\"1\">1 Star<\/option><\/select>\n    <div class=\"glsr-field-error\"><\/div>\n<\/div><div class=\"glsr-field glsr-field-text glsr-required\" data-field=\"title\">\n    <label class=\"glsr-label glsr-label-text\" for=\"site-reviews-title-glsr_a6500ae2\"><span>Title of your review<\/span><\/label>\n    <input class=\"glsr-input glsr-input-text\" id=\"site-reviews-title-glsr_a6500ae2\" name=\"site-reviews[title]\" type=\"text\" placeholder=\"Summarize your review or highlight an interesting detail\" required value=\"\">\n    <div class=\"glsr-field-error\"><\/div>\n<\/div><div class=\"glsr-field glsr-field-textarea glsr-required\" data-field=\"content\">\n    <label class=\"glsr-label glsr-label-textarea\" for=\"site-reviews-content-glsr_a6500ae2\"><span>Your review<\/span><\/label>\n    <textarea class=\"glsr-textarea\" id=\"site-reviews-content-glsr_a6500ae2\" name=\"site-reviews[content]\" placeholder=\"Tell people your review\" rows=\"5\" required><\/textarea>\n    <div class=\"glsr-field-error\"><\/div>\n<\/div><div class=\"glsr-field glsr-field-text glsr-required\" data-field=\"name\">\n    <label class=\"glsr-label glsr-label-text\" for=\"site-reviews-name-glsr_a6500ae2\"><span>Your name<\/span><\/label>\n    <input class=\"glsr-input glsr-input-text\" id=\"site-reviews-name-glsr_a6500ae2\" name=\"site-reviews[name]\" type=\"text\" placeholder=\"Tell us your name\" required value=\"\">\n    <div class=\"glsr-field-error\"><\/div>\n<\/div><div class=\"glsr-field glsr-field-email glsr-required\" data-field=\"email\">\n    <label class=\"glsr-label glsr-label-email\" for=\"site-reviews-email-glsr_a6500ae2\"><span>Your email<\/span><\/label>\n    <input class=\"glsr-input glsr-input-email\" id=\"site-reviews-email-glsr_a6500ae2\" name=\"site-reviews[email]\" type=\"email\" placeholder=\"Tell us your email\" required value=\"\">\n    <div class=\"glsr-field-error\"><\/div>\n<\/div><div class=\"glsr-field glsr-field-choice glsr-required\" data-field=\"terms\">\n    \n    <span class=\"glsr-field-toggle\">\n    <span class=\"glsr-toggle\">\n        <label for=\"site-reviews-terms-glsr_a6500ae2-1\">This review is based on my own experience and is my genuine opinion.<\/label>\n        <span class=\"glsr-toggle-switch\">\n            <input class=\"glsr-input-toggle\" id=\"site-reviews-terms-glsr_a6500ae2-1\" name=\"site-reviews[terms]\" type=\"checkbox\" value=\"1\" required> &#8203; <!-- zero-space character used for alignment -->\n            <span class=\"glsr-toggle-track\"><\/span>\n        <\/span>\n    <\/span>\n<\/span>\n    <div class=\"glsr-field-error\"><\/div>\n<\/div>\n        <div class=\"glsr-form-message\">\n    \n<\/div>\n        <div data-field=\"submit-button\">\n    <div class=\"wp-block-button\">\n        <button type=\"submit\" class=\"glsr-button wp-block-button__link\" \n            aria-busy=\"false\"\n            data-loading=\"Submitting, please wait...\" \n        >Submit your review<\/button>\n    <\/div>\n<\/div>\n    <\/form>\n<\/div><\/div>\t\t<\/div>\n\t\t\t\t<\/div>\n\t\t\t\t\t<\/div>\n\t\t<\/div>\n\t\t\t\t\t<\/div>\n\t\t<\/section>\n\t\t\t\t<\/div>\n\t\t","protected":false},"excerpt":{"rendered":"<p>La cure Lazord pour renforcer les cheveux, stimuler la croissance et retrouver une chevelure dense et r\u00e9sistante.<\/p>\n","protected":false},"featured_media":11789,"template":"","meta":{"om_disable_all_campaigns":false,"ub_ctt_via":"","_monsterinsights_skip_tracking":false,"_monsterinsights_sitenote_active":false,"_monsterinsights_sitenote_note":"","_monsterinsights_sitenote_category":0,"_uf_show_specific_survey":0,"_uf_disable_surveys":false,"_glsr_average":0,"_glsr_ranking":0,"_glsr_reviews":0},"product_cat":[115],"product_tag":[],"aioseo_notices":[],"yoast_head":"<!-- This site is optimized with the Yoast SEO plugin v21.6 - https:\/\/yoast.com\/wordpress\/plugins\/seo\/ -->\n<title>Box 6 \u2013 Cure Biotine Fortifiante Lazord - Lazord Beauty<\/title>\n<meta name=\"description\" content=\"Box Lazord cure biotine avec ampoules vitamines et dermaroller pour r\u00e9duire la chute, stimuler la repousse et renforcer les cheveux.\" \/>\n<meta name=\"robots\" content=\"index, follow, max-snippet:-1, max-image-preview:large, max-video-preview:-1\" \/>\n<link rel=\"canonical\" href=\"https:\/\/lazord-beauty.com\/fr\/produit\/box-6-cure-biotine-fortifiante-lazord\/\" \/>\n<meta property=\"og:locale\" content=\"en_US\" \/>\n<meta property=\"og:type\" content=\"article\" \/>\n<meta property=\"og:title\" content=\"Box 6 \u2013 Cure Biotine Fortifiante Lazord - Lazord Beauty\" \/>\n<meta property=\"og:description\" content=\"Box Lazord cure biotine avec ampoules vitamines et dermaroller pour r\u00e9duire la chute, stimuler la repousse et renforcer les cheveux.\" \/>\n<meta property=\"og:url\" content=\"https:\/\/lazord-beauty.com\/fr\/produit\/box-6-cure-biotine-fortifiante-lazord\/\" \/>\n<meta property=\"og:site_name\" content=\"Lazord Beauty\" \/>\n<meta property=\"article:modified_time\" content=\"2026-03-15T19:52:43+00:00\" \/>\n<meta property=\"og:image\" content=\"https:\/\/lazord-beauty.com\/wp-content\/uploads\/2026\/02\/3.png\" \/>\n\t<meta property=\"og:image:width\" content=\"1080\" \/>\n\t<meta property=\"og:image:height\" content=\"1080\" \/>\n\t<meta property=\"og:image:type\" content=\"image\/png\" \/>\n<meta name=\"twitter:card\" content=\"summary_large_image\" \/>\n<script type=\"application\/ld+json\" class=\"yoast-schema-graph\">{\"@context\":\"https:\/\/schema.org\",\"@graph\":[{\"@type\":\"WebPage\",\"@id\":\"https:\/\/lazord-beauty.com\/produit\/box-6-cure-biotine-fortifiante-lazord\/\",\"url\":\"https:\/\/lazord-beauty.com\/produit\/box-6-cure-biotine-fortifiante-lazord\/\",\"name\":\"Box 6 \u2013 Cure Biotine Fortifiante Lazord - Lazord Beauty\",\"isPartOf\":{\"@id\":\"https:\/\/lazord-beauty.com\/fr\/#website\"},\"datePublished\":\"2026-02-06T11:50:45+00:00\",\"dateModified\":\"2026-03-15T19:52:43+00:00\",\"description\":\"Box Lazord cure biotine avec ampoules vitamines et dermaroller pour r\u00e9duire la chute, stimuler la repousse et renforcer les cheveux.\",\"breadcrumb\":{\"@id\":\"https:\/\/lazord-beauty.com\/produit\/box-6-cure-biotine-fortifiante-lazord\/#breadcrumb\"},\"inLanguage\":\"en-US\",\"potentialAction\":[{\"@type\":\"ReadAction\",\"target\":[\"https:\/\/lazord-beauty.com\/produit\/box-6-cure-biotine-fortifiante-lazord\/\"]}]},{\"@type\":\"BreadcrumbList\",\"@id\":\"https:\/\/lazord-beauty.com\/produit\/box-6-cure-biotine-fortifiante-lazord\/#breadcrumb\",\"itemListElement\":[{\"@type\":\"ListItem\",\"position\":1,\"name\":\"Accueil\",\"item\":\"https:\/\/lazord-beauty.com\/fr\/\"},{\"@type\":\"ListItem\",\"position\":2,\"name\":\"Boutique\",\"item\":\"https:\/\/lazord-beauty.com\/boutique\/\"},{\"@type\":\"ListItem\",\"position\":3,\"name\":\"Box 6 \u2013 Cure Biotine Fortifiante Lazord\"}]},{\"@type\":\"WebSite\",\"@id\":\"https:\/\/lazord-beauty.com\/fr\/#website\",\"url\":\"https:\/\/lazord-beauty.com\/fr\/\",\"name\":\"Lazord Beauty\",\"description\":\"Soins professionnels des cheveux\",\"publisher\":{\"@id\":\"https:\/\/lazord-beauty.com\/fr\/#organization\"},\"potentialAction\":[{\"@type\":\"SearchAction\",\"target\":{\"@type\":\"EntryPoint\",\"urlTemplate\":\"https:\/\/lazord-beauty.com\/fr\/?s={search_term_string}\"},\"query-input\":\"required name=search_term_string\"}],\"inLanguage\":\"en-US\"},{\"@type\":\"Organization\",\"@id\":\"https:\/\/lazord-beauty.com\/fr\/#organization\",\"name\":\"Lazord Beauty\",\"url\":\"https:\/\/lazord-beauty.com\/fr\/\",\"logo\":{\"@type\":\"ImageObject\",\"inLanguage\":\"en-US\",\"@id\":\"https:\/\/lazord-beauty.com\/fr\/#\/schema\/logo\/image\/\",\"url\":\"https:\/\/lazord-beauty.com\/wp-content\/uploads\/2022\/04\/cropped-7ae3d6b7-a26b-4536-b4be-a4d4deed593b-removebg-preview-1.png\",\"contentUrl\":\"https:\/\/lazord-beauty.com\/wp-content\/uploads\/2022\/04\/cropped-7ae3d6b7-a26b-4536-b4be-a4d4deed593b-removebg-preview-1.png\",\"width\":202,\"height\":212,\"caption\":\"Lazord Beauty\"},\"image\":{\"@id\":\"https:\/\/lazord-beauty.com\/fr\/#\/schema\/logo\/image\/\"}}]}<\/script>\n<!-- \/ Yoast SEO plugin. -->","yoast_head_json":{"title":"Box 6 \u2013 Cure Biotine Fortifiante Lazord - Lazord Beauty","description":"Box Lazord cure biotine avec ampoules vitamines et dermaroller pour r\u00e9duire la chute, stimuler la repousse et renforcer les cheveux.","robots":{"index":"index","follow":"follow","max-snippet":"max-snippet:-1","max-image-preview":"max-image-preview:large","max-video-preview":"max-video-preview:-1"},"canonical":"https:\/\/lazord-beauty.com\/fr\/produit\/box-6-cure-biotine-fortifiante-lazord\/","og_locale":"en_US","og_type":"article","og_title":"Box 6 \u2013 Cure Biotine Fortifiante Lazord - Lazord Beauty","og_description":"Box Lazord cure biotine avec ampoules vitamines et dermaroller pour r\u00e9duire la chute, stimuler la repousse et renforcer les cheveux.","og_url":"https:\/\/lazord-beauty.com\/fr\/produit\/box-6-cure-biotine-fortifiante-lazord\/","og_site_name":"Lazord Beauty","article_modified_time":"2026-03-15T19:52:43+00:00","og_image":[{"width":1080,"height":1080,"url":"https:\/\/lazord-beauty.com\/wp-content\/uploads\/2026\/02\/3.png","type":"image\/png"}],"twitter_card":"summary_large_image","schema":{"@context":"https:\/\/schema.org","@graph":[{"@type":"WebPage","@id":"https:\/\/lazord-beauty.com\/produit\/box-6-cure-biotine-fortifiante-lazord\/","url":"https:\/\/lazord-beauty.com\/produit\/box-6-cure-biotine-fortifiante-lazord\/","name":"Box 6 \u2013 Cure Biotine Fortifiante Lazord - Lazord Beauty","isPartOf":{"@id":"https:\/\/lazord-beauty.com\/fr\/#website"},"datePublished":"2026-02-06T11:50:45+00:00","dateModified":"2026-03-15T19:52:43+00:00","description":"Box Lazord cure biotine avec ampoules vitamines et dermaroller pour r\u00e9duire la chute, stimuler la repousse et renforcer les cheveux.","breadcrumb":{"@id":"https:\/\/lazord-beauty.com\/produit\/box-6-cure-biotine-fortifiante-lazord\/#breadcrumb"},"inLanguage":"en-US","potentialAction":[{"@type":"ReadAction","target":["https:\/\/lazord-beauty.com\/produit\/box-6-cure-biotine-fortifiante-lazord\/"]}]},{"@type":"BreadcrumbList","@id":"https:\/\/lazord-beauty.com\/produit\/box-6-cure-biotine-fortifiante-lazord\/#breadcrumb","itemListElement":[{"@type":"ListItem","position":1,"name":"Accueil","item":"https:\/\/lazord-beauty.com\/fr\/"},{"@type":"ListItem","position":2,"name":"Boutique","item":"https:\/\/lazord-beauty.com\/boutique\/"},{"@type":"ListItem","position":3,"name":"Box 6 \u2013 Cure Biotine Fortifiante Lazord"}]},{"@type":"WebSite","@id":"https:\/\/lazord-beauty.com\/fr\/#website","url":"https:\/\/lazord-beauty.com\/fr\/","name":"Lazord Beauty","description":"Soins professionnels des cheveux","publisher":{"@id":"https:\/\/lazord-beauty.com\/fr\/#organization"},"potentialAction":[{"@type":"SearchAction","target":{"@type":"EntryPoint","urlTemplate":"https:\/\/lazord-beauty.com\/fr\/?s={search_term_string}"},"query-input":"required name=search_term_string"}],"inLanguage":"en-US"},{"@type":"Organization","@id":"https:\/\/lazord-beauty.com\/fr\/#organization","name":"Lazord Beauty","url":"https:\/\/lazord-beauty.com\/fr\/","logo":{"@type":"ImageObject","inLanguage":"en-US","@id":"https:\/\/lazord-beauty.com\/fr\/#\/schema\/logo\/image\/","url":"https:\/\/lazord-beauty.com\/wp-content\/uploads\/2022\/04\/cropped-7ae3d6b7-a26b-4536-b4be-a4d4deed593b-removebg-preview-1.png","contentUrl":"https:\/\/lazord-beauty.com\/wp-content\/uploads\/2022\/04\/cropped-7ae3d6b7-a26b-4536-b4be-a4d4deed593b-removebg-preview-1.png","width":202,"height":212,"caption":"Lazord Beauty"},"image":{"@id":"https:\/\/lazord-beauty.com\/fr\/#\/schema\/logo\/image\/"}}]}},"_links":{"self":[{"href":"https:\/\/lazord-beauty.com\/fr\/wp-json\/wp\/v2\/product\/11808"}],"collection":[{"href":"https:\/\/lazord-beauty.com\/fr\/wp-json\/wp\/v2\/product"}],"about":[{"href":"https:\/\/lazord-beauty.com\/fr\/wp-json\/wp\/v2\/types\/product"}],"version-history":[{"count":4,"href":"https:\/\/lazord-beauty.com\/fr\/wp-json\/wp\/v2\/product\/11808\/revisions"}],"predecessor-version":[{"id":12074,"href":"https:\/\/lazord-beauty.com\/fr\/wp-json\/wp\/v2\/product\/11808\/revisions\/12074"}],"wp:featuredmedia":[{"embeddable":true,"href":"https:\/\/lazord-beauty.com\/fr\/wp-json\/wp\/v2\/media\/11789"}],"wp:attachment":[{"href":"https:\/\/lazord-beauty.com\/fr\/wp-json\/wp\/v2\/media?parent=11808"}],"wp:term":[{"taxonomy":"product_cat","embeddable":true,"href":"https:\/\/lazord-beauty.com\/fr\/wp-json\/wp\/v2\/product_cat?post=11808"},{"taxonomy":"product_tag","embeddable":true,"href":"https:\/\/lazord-beauty.com\/fr\/wp-json\/wp\/v2\/product_tag?post=11808"}],"curies":[{"name":"wp","href":"https:\/\/api.w.org\/{rel}","templated":true}]}}