{"id":497,"date":"2022-07-18T14:22:58","date_gmt":"2022-07-18T14:22:58","guid":{"rendered":"http:\/\/lazord-beauty.com\/?page_id=497"},"modified":"2022-07-18T14:25:13","modified_gmt":"2022-07-18T14:25:13","slug":"store","status":"publish","type":"page","link":"https:\/\/lazord-beauty.com\/fr\/store\/","title":{"rendered":"Store"},"content":{"rendered":"<div data-block-name=\"woocommerce\/product-category\" class=\"wc-block-grid wp-block-product-category wc-block-product-category has-3-columns has-multiple-rows\"><ul class=\"wc-block-grid__products\"><li class=\"wc-block-grid__product\">\n\t\t\t\t<a href=\"https:\/\/lazord-beauty.com\/fr\/produit\/lisseur-professionnel-slim\/\" class=\"wc-block-grid__product-link\">\n\t\t\t\t\t\n\t\t\t\t\t<div class=\"wc-block-grid__product-image\"><img fetchpriority=\"high\" decoding=\"async\" width=\"430\" height=\"430\" src=\"https:\/\/lazord-beauty.com\/wp-content\/uploads\/2026\/03\/1-1-430x430.jpg\" class=\"attachment-woocommerce_thumbnail size-woocommerce_thumbnail\" alt=\"Lisseur Professionnel Slim\" srcset=\"https:\/\/lazord-beauty.com\/wp-content\/uploads\/2026\/03\/1-1-430x430.jpg 430w, https:\/\/lazord-beauty.com\/wp-content\/uploads\/2026\/03\/1-1-300x300.jpg 300w, https:\/\/lazord-beauty.com\/wp-content\/uploads\/2026\/03\/1-1-800x800.jpg 800w, https:\/\/lazord-beauty.com\/wp-content\/uploads\/2026\/03\/1-1-150x150.jpg 150w, https:\/\/lazord-beauty.com\/wp-content\/uploads\/2026\/03\/1-1-768x768.jpg 768w, https:\/\/lazord-beauty.com\/wp-content\/uploads\/2026\/03\/1-1-1536x1536.jpg 1536w, https:\/\/lazord-beauty.com\/wp-content\/uploads\/2026\/03\/1-1-2048x2048.jpg 2048w, https:\/\/lazord-beauty.com\/wp-content\/uploads\/2026\/03\/1-1-12x12.jpg 12w, https:\/\/lazord-beauty.com\/wp-content\/uploads\/2026\/03\/1-1-860x860.jpg 860w, https:\/\/lazord-beauty.com\/wp-content\/uploads\/2026\/03\/1-1-700x700.jpg 700w\" sizes=\"(max-width: 430px) 100vw, 430px\" \/><\/div>\n\t\t\t\t\t<div class=\"wc-block-grid__product-title\">Lisseur Professionnel Slim<\/div>\n\t\t\t\t<\/a>\n\t\t\t\t<div class=\"wc-block-grid__product-price price\"><span class=\"woocommerce-Price-amount amount\">119,99&nbsp;<span class=\"woocommerce-Price-currencySymbol\">&euro;<\/span><\/span><\/div>\n\t\t\t\t\n\t\t\t\t<div class=\"wp-block-button wc-block-grid__product-add-to-cart\"><a href=\"?add-to-cart=12064\" aria-label=\"Ajouter &ldquo;Lisseur Professionnel Slim&rdquo; \u00e0 votre panier\" data-quantity=\"1\" data-product_id=\"12064\" data-product_sku=\"\" data-price=\"119.99\" rel=\"nofollow\" class=\"wp-block-button__link  add_to_cart_button ajax_add_to_cart\">Ajouter au panier<\/a><\/div>\n\t\t\t<\/li><li class=\"wc-block-grid__product\">\n\t\t\t\t<a href=\"https:\/\/lazord-beauty.com\/fr\/produit\/seche-cheveux-lazord-2%e1%b5%89-generation\/\" class=\"wc-block-grid__product-link\">\n\t\t\t\t\t\n\t\t\t\t\t<div class=\"wc-block-grid__product-image\"><img decoding=\"async\" width=\"430\" height=\"430\" src=\"https:\/\/lazord-beauty.com\/wp-content\/uploads\/2026\/03\/2-1-430x430.png\" class=\"attachment-woocommerce_thumbnail size-woocommerce_thumbnail\" alt=\"S\u00e8che-Cheveux Lazord 2\u1d49 G\u00e9n\u00e9ration\" srcset=\"https:\/\/lazord-beauty.com\/wp-content\/uploads\/2026\/03\/2-1-430x430.png 430w, https:\/\/lazord-beauty.com\/wp-content\/uploads\/2026\/03\/2-1-300x300.png 300w, https:\/\/lazord-beauty.com\/wp-content\/uploads\/2026\/03\/2-1-800x800.png 800w, https:\/\/lazord-beauty.com\/wp-content\/uploads\/2026\/03\/2-1-150x150.png 150w, https:\/\/lazord-beauty.com\/wp-content\/uploads\/2026\/03\/2-1-768x768.png 768w, https:\/\/lazord-beauty.com\/wp-content\/uploads\/2026\/03\/2-1-12x12.png 12w, https:\/\/lazord-beauty.com\/wp-content\/uploads\/2026\/03\/2-1-860x860.png 860w, https:\/\/lazord-beauty.com\/wp-content\/uploads\/2026\/03\/2-1-700x700.png 700w, https:\/\/lazord-beauty.com\/wp-content\/uploads\/2026\/03\/2-1.png 1080w\" sizes=\"(max-width: 430px) 100vw, 430px\" \/><\/div>\n\t\t\t\t\t<div class=\"wc-block-grid__product-title\">S\u00e8che-Cheveux Lazord 2\u1d49 G\u00e9n\u00e9ration<\/div>\n\t\t\t\t<\/a>\n\t\t\t\t<div class=\"wc-block-grid__product-price price\"><span class=\"woocommerce-Price-amount amount\">199,99&nbsp;<span class=\"woocommerce-Price-currencySymbol\">&euro;<\/span><\/span><\/div>\n\t\t\t\t\n\t\t\t\t<div class=\"wp-block-button wc-block-grid__product-add-to-cart\"><a href=\"?add-to-cart=12063\" aria-label=\"Ajouter &ldquo;S\u00e8che-Cheveux Lazord 2\u1d49 G\u00e9n\u00e9ration&rdquo; \u00e0 votre panier\" data-quantity=\"1\" data-product_id=\"12063\" data-product_sku=\"\" data-price=\"199.99\" rel=\"nofollow\" class=\"wp-block-button__link  add_to_cart_button ajax_add_to_cart\">Ajouter au panier<\/a><\/div>\n\t\t\t<\/li><li class=\"wc-block-grid__product\">\n\t\t\t\t<a href=\"https:\/\/lazord-beauty.com\/fr\/produit\/seche-cheveux-professionnel\/\" class=\"wc-block-grid__product-link\">\n\t\t\t\t\t\n\t\t\t\t\t<div class=\"wc-block-grid__product-image\"><img decoding=\"async\" width=\"430\" height=\"430\" src=\"https:\/\/lazord-beauty.com\/wp-content\/uploads\/2026\/03\/1-430x430.png\" class=\"attachment-woocommerce_thumbnail size-woocommerce_thumbnail\" alt=\"S\u00e8che-Cheveux Professionnel\" srcset=\"https:\/\/lazord-beauty.com\/wp-content\/uploads\/2026\/03\/1-430x430.png 430w, https:\/\/lazord-beauty.com\/wp-content\/uploads\/2026\/03\/1-300x300.png 300w, https:\/\/lazord-beauty.com\/wp-content\/uploads\/2026\/03\/1-800x800.png 800w, https:\/\/lazord-beauty.com\/wp-content\/uploads\/2026\/03\/1-150x150.png 150w, https:\/\/lazord-beauty.com\/wp-content\/uploads\/2026\/03\/1-768x768.png 768w, https:\/\/lazord-beauty.com\/wp-content\/uploads\/2026\/03\/1-12x12.png 12w, https:\/\/lazord-beauty.com\/wp-content\/uploads\/2026\/03\/1-860x860.png 860w, https:\/\/lazord-beauty.com\/wp-content\/uploads\/2026\/03\/1-700x700.png 700w, https:\/\/lazord-beauty.com\/wp-content\/uploads\/2026\/03\/1.png 1080w\" sizes=\"(max-width: 430px) 100vw, 430px\" \/><\/div>\n\t\t\t\t\t<div class=\"wc-block-grid__product-title\">S\u00e8che-Cheveux Professionnel<\/div>\n\t\t\t\t<\/a>\n\t\t\t\t<div class=\"wc-block-grid__product-price price\"><span class=\"woocommerce-Price-amount amount\">79,99&nbsp;<span class=\"woocommerce-Price-currencySymbol\">&euro;<\/span><\/span><\/div>\n\t\t\t\t\n\t\t\t\t<div class=\"wp-block-button wc-block-grid__product-add-to-cart\"><a href=\"?add-to-cart=12062\" aria-label=\"Ajouter &ldquo;S\u00e8che-Cheveux Professionnel&rdquo; \u00e0 votre panier\" data-quantity=\"1\" data-product_id=\"12062\" data-product_sku=\"\" data-price=\"79.99\" rel=\"nofollow\" class=\"wp-block-button__link  add_to_cart_button ajax_add_to_cart\">Ajouter au panier<\/a><\/div>\n\t\t\t<\/li><li class=\"wc-block-grid__product\">\n\t\t\t\t<a href=\"https:\/\/lazord-beauty.com\/fr\/produit\/box-6-cure-biotine-fortifiante-lazord\/\" class=\"wc-block-grid__product-link\">\n\t\t\t\t\t\n\t\t\t\t\t<div class=\"wc-block-grid__product-image\"><img loading=\"lazy\" decoding=\"async\" width=\"430\" height=\"430\" src=\"https:\/\/lazord-beauty.com\/wp-content\/uploads\/2026\/02\/3-430x430.png\" class=\"attachment-woocommerce_thumbnail size-woocommerce_thumbnail\" alt=\"Box 6 \u2013 Cure Biotine Fortifiante Lazord\" srcset=\"https:\/\/lazord-beauty.com\/wp-content\/uploads\/2026\/02\/3-430x430.png 430w, https:\/\/lazord-beauty.com\/wp-content\/uploads\/2026\/02\/3-300x300.png 300w, https:\/\/lazord-beauty.com\/wp-content\/uploads\/2026\/02\/3-800x800.png 800w, https:\/\/lazord-beauty.com\/wp-content\/uploads\/2026\/02\/3-150x150.png 150w, https:\/\/lazord-beauty.com\/wp-content\/uploads\/2026\/02\/3-768x768.png 768w, https:\/\/lazord-beauty.com\/wp-content\/uploads\/2026\/02\/3-12x12.png 12w, https:\/\/lazord-beauty.com\/wp-content\/uploads\/2026\/02\/3-860x860.png 860w, https:\/\/lazord-beauty.com\/wp-content\/uploads\/2026\/02\/3-700x700.png 700w, https:\/\/lazord-beauty.com\/wp-content\/uploads\/2026\/02\/3.png 1080w\" sizes=\"(max-width: 430px) 100vw, 430px\" \/><\/div>\n\t\t\t\t\t<div class=\"wc-block-grid__product-title\">Box 6 \u2013 Cure Biotine Fortifiante Lazord<\/div>\n\t\t\t\t<\/a>\n\t\t\t\t<div class=\"wc-block-grid__product-price price\"><span class=\"woocommerce-Price-amount amount\">34,99&nbsp;<span class=\"woocommerce-Price-currencySymbol\">&euro;<\/span><\/span><\/div>\n\t\t\t\t\n\t\t\t\t<div class=\"wp-block-button wc-block-grid__product-add-to-cart\"><a href=\"?add-to-cart=11808\" aria-label=\"Ajouter &ldquo;Box 6 \u2013 Cure Biotine Fortifiante Lazord&rdquo; \u00e0 votre panier\" data-quantity=\"1\" data-product_id=\"11808\" data-product_sku=\"\" data-price=\"34.99\" rel=\"nofollow\" class=\"wp-block-button__link  add_to_cart_button ajax_add_to_cart\">Ajouter au panier<\/a><\/div>\n\t\t\t<\/li><li class=\"wc-block-grid__product\">\n\t\t\t\t<a href=\"https:\/\/lazord-beauty.com\/fr\/produit\/box-5-lisseur-thermique-avance-lazord\/\" class=\"wc-block-grid__product-link\">\n\t\t\t\t\t\n\t\t\t\t\t<div class=\"wc-block-grid__product-image\"><img loading=\"lazy\" decoding=\"async\" width=\"430\" height=\"430\" src=\"https:\/\/lazord-beauty.com\/wp-content\/uploads\/2026\/02\/6-430x430.png\" class=\"attachment-woocommerce_thumbnail size-woocommerce_thumbnail\" alt=\"Box 5 \u2013 Lisseur Thermique Avanc\u00e9 Lazord\" srcset=\"https:\/\/lazord-beauty.com\/wp-content\/uploads\/2026\/02\/6-430x430.png 430w, https:\/\/lazord-beauty.com\/wp-content\/uploads\/2026\/02\/6-300x300.png 300w, https:\/\/lazord-beauty.com\/wp-content\/uploads\/2026\/02\/6-800x800.png 800w, https:\/\/lazord-beauty.com\/wp-content\/uploads\/2026\/02\/6-150x150.png 150w, https:\/\/lazord-beauty.com\/wp-content\/uploads\/2026\/02\/6-768x768.png 768w, https:\/\/lazord-beauty.com\/wp-content\/uploads\/2026\/02\/6-12x12.png 12w, https:\/\/lazord-beauty.com\/wp-content\/uploads\/2026\/02\/6-860x860.png 860w, https:\/\/lazord-beauty.com\/wp-content\/uploads\/2026\/02\/6-700x700.png 700w, https:\/\/lazord-beauty.com\/wp-content\/uploads\/2026\/02\/6.png 1080w\" sizes=\"(max-width: 430px) 100vw, 430px\" \/><\/div>\n\t\t\t\t\t<div class=\"wc-block-grid__product-title\">Box 5 \u2013 Lisseur Thermique Avanc\u00e9 Lazord<\/div>\n\t\t\t\t<\/a>\n\t\t\t\t<div class=\"wc-block-grid__product-price price\"><span class=\"woocommerce-Price-amount amount\">129,99&nbsp;<span class=\"woocommerce-Price-currencySymbol\">&euro;<\/span><\/span><\/div>\n\t\t\t\t\n\t\t\t\t<div class=\"wp-block-button wc-block-grid__product-add-to-cart\"><a href=\"?add-to-cart=11806\" aria-label=\"Ajouter &ldquo;Box 5 \u2013 Lisseur Thermique Avanc\u00e9 Lazord&rdquo; \u00e0 votre panier\" data-quantity=\"1\" data-product_id=\"11806\" data-product_sku=\"\" data-price=\"129.99\" rel=\"nofollow\" class=\"wp-block-button__link  add_to_cart_button ajax_add_to_cart\">Ajouter au panier<\/a><\/div>\n\t\t\t<\/li><li class=\"wc-block-grid__product\">\n\t\t\t\t<a href=\"https:\/\/lazord-beauty.com\/fr\/produit\/box-4-eclat-precieux-peau-lazord\/\" class=\"wc-block-grid__product-link\">\n\t\t\t\t\t\n\t\t\t\t\t<div class=\"wc-block-grid__product-image\"><img loading=\"lazy\" decoding=\"async\" width=\"430\" height=\"430\" src=\"https:\/\/lazord-beauty.com\/wp-content\/uploads\/2026\/02\/1-430x430.png\" class=\"attachment-woocommerce_thumbnail size-woocommerce_thumbnail\" alt=\"Box 4 \u2013 \u00c9clat Pr\u00e9cieux Peau Lazord\" srcset=\"https:\/\/lazord-beauty.com\/wp-content\/uploads\/2026\/02\/1-430x430.png 430w, https:\/\/lazord-beauty.com\/wp-content\/uploads\/2026\/02\/1-300x300.png 300w, https:\/\/lazord-beauty.com\/wp-content\/uploads\/2026\/02\/1-800x800.png 800w, https:\/\/lazord-beauty.com\/wp-content\/uploads\/2026\/02\/1-150x150.png 150w, https:\/\/lazord-beauty.com\/wp-content\/uploads\/2026\/02\/1-768x768.png 768w, https:\/\/lazord-beauty.com\/wp-content\/uploads\/2026\/02\/1-12x12.png 12w, https:\/\/lazord-beauty.com\/wp-content\/uploads\/2026\/02\/1-860x860.png 860w, https:\/\/lazord-beauty.com\/wp-content\/uploads\/2026\/02\/1-700x700.png 700w, https:\/\/lazord-beauty.com\/wp-content\/uploads\/2026\/02\/1.png 1080w\" sizes=\"(max-width: 430px) 100vw, 430px\" \/><\/div>\n\t\t\t\t\t<div class=\"wc-block-grid__product-title\">Box 4 \u2013 \u00c9clat Pr\u00e9cieux Peau Lazord<\/div>\n\t\t\t\t<\/a>\n\t\t\t\t<div class=\"wc-block-grid__product-price price\"><span class=\"woocommerce-Price-amount amount\">64,99&nbsp;<span class=\"woocommerce-Price-currencySymbol\">&euro;<\/span><\/span><\/div>\n\t\t\t\t\n\t\t\t\t<div class=\"wp-block-button wc-block-grid__product-add-to-cart\"><a href=\"?add-to-cart=11802\" aria-label=\"Ajouter &ldquo;Box 4 \u2013 \u00c9clat Pr\u00e9cieux Peau Lazord&rdquo; \u00e0 votre panier\" data-quantity=\"1\" data-product_id=\"11802\" data-product_sku=\"\" data-price=\"64.99\" rel=\"nofollow\" class=\"wp-block-button__link  add_to_cart_button ajax_add_to_cart\">Ajouter au panier<\/a><\/div>\n\t\t\t<\/li><li class=\"wc-block-grid__product\">\n\t\t\t\t<a href=\"https:\/\/lazord-beauty.com\/fr\/produit\/lazord-bio-gold-lotion-lotion-doree-hydratante-visage-et-corps-eclat-naturel\/\" class=\"wc-block-grid__product-link\">\n\t\t\t\t\t\n\t\t\t\t\t<div class=\"wc-block-grid__product-image\"><img loading=\"lazy\" decoding=\"async\" width=\"430\" height=\"430\" src=\"https:\/\/lazord-beauty.com\/wp-content\/uploads\/2026\/04\/9-430x430.png\" class=\"attachment-woocommerce_thumbnail size-woocommerce_thumbnail\" alt=\"Lazord BIO Gold Lotion\" srcset=\"https:\/\/lazord-beauty.com\/wp-content\/uploads\/2026\/04\/9-430x430.png 430w, https:\/\/lazord-beauty.com\/wp-content\/uploads\/2026\/04\/9-300x300.png 300w, https:\/\/lazord-beauty.com\/wp-content\/uploads\/2026\/04\/9-800x800.png 800w, https:\/\/lazord-beauty.com\/wp-content\/uploads\/2026\/04\/9-150x150.png 150w, https:\/\/lazord-beauty.com\/wp-content\/uploads\/2026\/04\/9-768x768.png 768w, https:\/\/lazord-beauty.com\/wp-content\/uploads\/2026\/04\/9-12x12.png 12w, https:\/\/lazord-beauty.com\/wp-content\/uploads\/2026\/04\/9-860x860.png 860w, https:\/\/lazord-beauty.com\/wp-content\/uploads\/2026\/04\/9-700x700.png 700w, https:\/\/lazord-beauty.com\/wp-content\/uploads\/2026\/04\/9.png 1080w\" sizes=\"(max-width: 430px) 100vw, 430px\" \/><\/div>\n\t\t\t\t\t<div class=\"wc-block-grid__product-title\">Lazord BIO Gold Lotion<\/div>\n\t\t\t\t<\/a>\n\t\t\t\t<div class=\"wc-block-grid__product-price price\"><span class=\"woocommerce-Price-amount amount\">29,99&nbsp;<span class=\"woocommerce-Price-currencySymbol\">&euro;<\/span><\/span><\/div>\n\t\t\t\t\n\t\t\t\t<div class=\"wp-block-button wc-block-grid__product-add-to-cart\"><a href=\"?add-to-cart=11500\" aria-label=\"Ajouter &ldquo;Lazord BIO Gold Lotion&rdquo; \u00e0 votre panier\" data-quantity=\"1\" data-product_id=\"11500\" data-product_sku=\"\" data-price=\"29.99\" rel=\"nofollow\" class=\"wp-block-button__link  add_to_cart_button ajax_add_to_cart\">Ajouter au panier<\/a><\/div>\n\t\t\t<\/li><li class=\"wc-block-grid__product\">\n\t\t\t\t<a href=\"https:\/\/lazord-beauty.com\/fr\/produit\/lazord-bio-pearl-lotion\/\" class=\"wc-block-grid__product-link\">\n\t\t\t\t\t\n\t\t\t\t\t<div class=\"wc-block-grid__product-image\"><img loading=\"lazy\" decoding=\"async\" width=\"430\" height=\"430\" src=\"https:\/\/lazord-beauty.com\/wp-content\/uploads\/2026\/04\/10-430x430.png\" class=\"attachment-woocommerce_thumbnail size-woocommerce_thumbnail\" alt=\"Lazord BIO Pearl Lotion\" srcset=\"https:\/\/lazord-beauty.com\/wp-content\/uploads\/2026\/04\/10-430x430.png 430w, https:\/\/lazord-beauty.com\/wp-content\/uploads\/2026\/04\/10-300x300.png 300w, https:\/\/lazord-beauty.com\/wp-content\/uploads\/2026\/04\/10-800x800.png 800w, https:\/\/lazord-beauty.com\/wp-content\/uploads\/2026\/04\/10-150x150.png 150w, https:\/\/lazord-beauty.com\/wp-content\/uploads\/2026\/04\/10-768x768.png 768w, https:\/\/lazord-beauty.com\/wp-content\/uploads\/2026\/04\/10-12x12.png 12w, https:\/\/lazord-beauty.com\/wp-content\/uploads\/2026\/04\/10-860x860.png 860w, https:\/\/lazord-beauty.com\/wp-content\/uploads\/2026\/04\/10-700x700.png 700w, https:\/\/lazord-beauty.com\/wp-content\/uploads\/2026\/04\/10.png 1080w\" sizes=\"(max-width: 430px) 100vw, 430px\" \/><\/div>\n\t\t\t\t\t<div class=\"wc-block-grid__product-title\">Lazord BIO Pearl Lotion<\/div>\n\t\t\t\t<\/a>\n\t\t\t\t<div class=\"wc-block-grid__product-price price\"><span class=\"woocommerce-Price-amount amount\">29,99&nbsp;<span class=\"woocommerce-Price-currencySymbol\">&euro;<\/span><\/span><\/div>\n\t\t\t\t\n\t\t\t\t<div class=\"wp-block-button wc-block-grid__product-add-to-cart\"><a href=\"?add-to-cart=11498\" aria-label=\"Ajouter &ldquo;Lazord BIO Pearl Lotion&rdquo; \u00e0 votre panier\" data-quantity=\"1\" data-product_id=\"11498\" data-product_sku=\"\" data-price=\"29.99\" rel=\"nofollow\" class=\"wp-block-button__link  add_to_cart_button ajax_add_to_cart\">Ajouter au panier<\/a><\/div>\n\t\t\t<\/li><li class=\"wc-block-grid__product\">\n\t\t\t\t<a href=\"https:\/\/lazord-beauty.com\/fr\/produit\/lazord-vitamins-hair-ampoule\/\" class=\"wc-block-grid__product-link\">\n\t\t\t\t\t\n\t\t\t\t\t<div class=\"wc-block-grid__product-image\"><img loading=\"lazy\" decoding=\"async\" width=\"430\" height=\"430\" src=\"https:\/\/lazord-beauty.com\/wp-content\/uploads\/2026\/04\/8-1-430x430.png\" class=\"attachment-woocommerce_thumbnail size-woocommerce_thumbnail\" alt=\"Lazord Biotine\" srcset=\"https:\/\/lazord-beauty.com\/wp-content\/uploads\/2026\/04\/8-1-430x430.png 430w, https:\/\/lazord-beauty.com\/wp-content\/uploads\/2026\/04\/8-1-300x300.png 300w, https:\/\/lazord-beauty.com\/wp-content\/uploads\/2026\/04\/8-1-800x800.png 800w, https:\/\/lazord-beauty.com\/wp-content\/uploads\/2026\/04\/8-1-150x150.png 150w, https:\/\/lazord-beauty.com\/wp-content\/uploads\/2026\/04\/8-1-768x768.png 768w, https:\/\/lazord-beauty.com\/wp-content\/uploads\/2026\/04\/8-1-12x12.png 12w, https:\/\/lazord-beauty.com\/wp-content\/uploads\/2026\/04\/8-1-860x860.png 860w, https:\/\/lazord-beauty.com\/wp-content\/uploads\/2026\/04\/8-1-700x700.png 700w, https:\/\/lazord-beauty.com\/wp-content\/uploads\/2026\/04\/8-1.png 1080w\" sizes=\"(max-width: 430px) 100vw, 430px\" \/><\/div>\n\t\t\t\t\t<div class=\"wc-block-grid__product-title\">Lazord Biotine<\/div>\n\t\t\t\t<\/a>\n\t\t\t\t<div class=\"wc-block-grid__product-price price\"><span class=\"woocommerce-Price-amount amount\">32,99&nbsp;<span class=\"woocommerce-Price-currencySymbol\">&euro;<\/span><\/span><\/div>\n\t\t\t\t\n\t\t\t\t<div class=\"wp-block-button wc-block-grid__product-add-to-cart\"><a href=\"?add-to-cart=11494\" aria-label=\"Ajouter &ldquo;Lazord Biotine&rdquo; \u00e0 votre panier\" data-quantity=\"1\" data-product_id=\"11494\" data-product_sku=\"\" data-price=\"32.99\" rel=\"nofollow\" class=\"wp-block-button__link  add_to_cart_button ajax_add_to_cart\">Ajouter au panier<\/a><\/div>\n\t\t\t<\/li><\/ul><\/div>","protected":false},"excerpt":{"rendered":"","protected":false},"author":1,"featured_media":0,"parent":0,"menu_order":0,"comment_status":"closed","ping_status":"closed","template":"","meta":{"om_disable_all_campaigns":false,"ub_ctt_via":"","_monsterinsights_skip_tracking":false,"_monsterinsights_sitenote_active":false,"_monsterinsights_sitenote_note":"","_monsterinsights_sitenote_category":0,"_uf_show_specific_survey":0,"_uf_disable_surveys":false,"footnotes":"","_glsr_average":0,"_glsr_ranking":0,"_glsr_reviews":0},"aioseo_notices":[],"featured_image_src":null,"yoast_head":"<!-- This site is optimized with the Yoast SEO plugin v21.6 - https:\/\/yoast.com\/wordpress\/plugins\/seo\/ -->\n<title>Store - Lazord Beauty<\/title>\n<meta name=\"description\" content=\"Professional hair products developed by Lazord Laboratories\" \/>\n<meta name=\"robots\" content=\"index, follow, max-snippet:-1, max-image-preview:large, max-video-preview:-1\" \/>\n<link rel=\"canonical\" href=\"https:\/\/lazord-beauty.com\/fr\/store\/\" \/>\n<meta property=\"og:locale\" content=\"en_US\" \/>\n<meta property=\"og:type\" content=\"article\" \/>\n<meta property=\"og:title\" content=\"Store - Lazord Beauty\" \/>\n<meta property=\"og:description\" content=\"Professional hair products developed by Lazord Laboratories\" \/>\n<meta property=\"og:url\" content=\"https:\/\/lazord-beauty.com\/fr\/store\/\" \/>\n<meta property=\"og:site_name\" content=\"Lazord Beauty\" \/>\n<meta property=\"article:modified_time\" content=\"2022-07-18T14:25:13+00:00\" \/>\n<meta name=\"twitter:card\" content=\"summary_large_image\" \/>\n<script type=\"application\/ld+json\" class=\"yoast-schema-graph\">{\"@context\":\"https:\/\/schema.org\",\"@graph\":[{\"@type\":\"WebPage\",\"@id\":\"https:\/\/lazord-beauty.com\/store\/\",\"url\":\"https:\/\/lazord-beauty.com\/store\/\",\"name\":\"Store - Lazord Beauty\",\"isPartOf\":{\"@id\":\"https:\/\/lazord-beauty.com\/fr\/#website\"},\"datePublished\":\"2022-07-18T14:22:58+00:00\",\"dateModified\":\"2022-07-18T14:25:13+00:00\",\"description\":\"Professional hair products developed by Lazord Laboratories\",\"breadcrumb\":{\"@id\":\"https:\/\/lazord-beauty.com\/store\/#breadcrumb\"},\"inLanguage\":\"en-US\",\"potentialAction\":[{\"@type\":\"ReadAction\",\"target\":[\"https:\/\/lazord-beauty.com\/store\/\"]}]},{\"@type\":\"BreadcrumbList\",\"@id\":\"https:\/\/lazord-beauty.com\/store\/#breadcrumb\",\"itemListElement\":[{\"@type\":\"ListItem\",\"position\":1,\"name\":\"Accueil\",\"item\":\"https:\/\/lazord-beauty.com\/fr\/\"},{\"@type\":\"ListItem\",\"position\":2,\"name\":\"Store\"}]},{\"@type\":\"WebSite\",\"@id\":\"https:\/\/lazord-beauty.com\/fr\/#website\",\"url\":\"https:\/\/lazord-beauty.com\/fr\/\",\"name\":\"Lazord Beauty\",\"description\":\"Soins professionnels des cheveux\",\"publisher\":{\"@id\":\"https:\/\/lazord-beauty.com\/fr\/#organization\"},\"potentialAction\":[{\"@type\":\"SearchAction\",\"target\":{\"@type\":\"EntryPoint\",\"urlTemplate\":\"https:\/\/lazord-beauty.com\/fr\/?s={search_term_string}\"},\"query-input\":\"required name=search_term_string\"}],\"inLanguage\":\"en-US\"},{\"@type\":\"Organization\",\"@id\":\"https:\/\/lazord-beauty.com\/fr\/#organization\",\"name\":\"Lazord Beauty\",\"url\":\"https:\/\/lazord-beauty.com\/fr\/\",\"logo\":{\"@type\":\"ImageObject\",\"inLanguage\":\"en-US\",\"@id\":\"https:\/\/lazord-beauty.com\/fr\/#\/schema\/logo\/image\/\",\"url\":\"https:\/\/lazord-beauty.com\/wp-content\/uploads\/2022\/04\/cropped-7ae3d6b7-a26b-4536-b4be-a4d4deed593b-removebg-preview-1.png\",\"contentUrl\":\"https:\/\/lazord-beauty.com\/wp-content\/uploads\/2022\/04\/cropped-7ae3d6b7-a26b-4536-b4be-a4d4deed593b-removebg-preview-1.png\",\"width\":202,\"height\":212,\"caption\":\"Lazord Beauty\"},\"image\":{\"@id\":\"https:\/\/lazord-beauty.com\/fr\/#\/schema\/logo\/image\/\"}}]}<\/script>\n<!-- \/ Yoast SEO plugin. -->","yoast_head_json":{"title":"Store - Lazord Beauty","description":"Professional hair products developed by Lazord Laboratories","robots":{"index":"index","follow":"follow","max-snippet":"max-snippet:-1","max-image-preview":"max-image-preview:large","max-video-preview":"max-video-preview:-1"},"canonical":"https:\/\/lazord-beauty.com\/fr\/store\/","og_locale":"en_US","og_type":"article","og_title":"Store - Lazord Beauty","og_description":"Professional hair products developed by Lazord Laboratories","og_url":"https:\/\/lazord-beauty.com\/fr\/store\/","og_site_name":"Lazord Beauty","article_modified_time":"2022-07-18T14:25:13+00:00","twitter_card":"summary_large_image","schema":{"@context":"https:\/\/schema.org","@graph":[{"@type":"WebPage","@id":"https:\/\/lazord-beauty.com\/store\/","url":"https:\/\/lazord-beauty.com\/store\/","name":"Store - Lazord Beauty","isPartOf":{"@id":"https:\/\/lazord-beauty.com\/fr\/#website"},"datePublished":"2022-07-18T14:22:58+00:00","dateModified":"2022-07-18T14:25:13+00:00","description":"Professional hair products developed by Lazord Laboratories","breadcrumb":{"@id":"https:\/\/lazord-beauty.com\/store\/#breadcrumb"},"inLanguage":"en-US","potentialAction":[{"@type":"ReadAction","target":["https:\/\/lazord-beauty.com\/store\/"]}]},{"@type":"BreadcrumbList","@id":"https:\/\/lazord-beauty.com\/store\/#breadcrumb","itemListElement":[{"@type":"ListItem","position":1,"name":"Accueil","item":"https:\/\/lazord-beauty.com\/fr\/"},{"@type":"ListItem","position":2,"name":"Store"}]},{"@type":"WebSite","@id":"https:\/\/lazord-beauty.com\/fr\/#website","url":"https:\/\/lazord-beauty.com\/fr\/","name":"Lazord Beauty","description":"Soins professionnels des cheveux","publisher":{"@id":"https:\/\/lazord-beauty.com\/fr\/#organization"},"potentialAction":[{"@type":"SearchAction","target":{"@type":"EntryPoint","urlTemplate":"https:\/\/lazord-beauty.com\/fr\/?s={search_term_string}"},"query-input":"required name=search_term_string"}],"inLanguage":"en-US"},{"@type":"Organization","@id":"https:\/\/lazord-beauty.com\/fr\/#organization","name":"Lazord Beauty","url":"https:\/\/lazord-beauty.com\/fr\/","logo":{"@type":"ImageObject","inLanguage":"en-US","@id":"https:\/\/lazord-beauty.com\/fr\/#\/schema\/logo\/image\/","url":"https:\/\/lazord-beauty.com\/wp-content\/uploads\/2022\/04\/cropped-7ae3d6b7-a26b-4536-b4be-a4d4deed593b-removebg-preview-1.png","contentUrl":"https:\/\/lazord-beauty.com\/wp-content\/uploads\/2022\/04\/cropped-7ae3d6b7-a26b-4536-b4be-a4d4deed593b-removebg-preview-1.png","width":202,"height":212,"caption":"Lazord Beauty"},"image":{"@id":"https:\/\/lazord-beauty.com\/fr\/#\/schema\/logo\/image\/"}}]}},"_links":{"self":[{"href":"https:\/\/lazord-beauty.com\/fr\/wp-json\/wp\/v2\/pages\/497"}],"collection":[{"href":"https:\/\/lazord-beauty.com\/fr\/wp-json\/wp\/v2\/pages"}],"about":[{"href":"https:\/\/lazord-beauty.com\/fr\/wp-json\/wp\/v2\/types\/page"}],"author":[{"embeddable":true,"href":"https:\/\/lazord-beauty.com\/fr\/wp-json\/wp\/v2\/users\/1"}],"replies":[{"embeddable":true,"href":"https:\/\/lazord-beauty.com\/fr\/wp-json\/wp\/v2\/comments?post=497"}],"version-history":[{"count":3,"href":"https:\/\/lazord-beauty.com\/fr\/wp-json\/wp\/v2\/pages\/497\/revisions"}],"predecessor-version":[{"id":501,"href":"https:\/\/lazord-beauty.com\/fr\/wp-json\/wp\/v2\/pages\/497\/revisions\/501"}],"wp:attachment":[{"href":"https:\/\/lazord-beauty.com\/fr\/wp-json\/wp\/v2\/media?parent=497"}],"curies":[{"name":"wp","href":"https:\/\/api.w.org\/{rel}","templated":true}]}}