{"id":11166,"date":"2025-02-04T10:07:36","date_gmt":"2025-02-04T10:07:36","guid":{"rendered":"https:\/\/lazord-beauty.com\/?post_type=product&#038;p=11166"},"modified":"2026-03-15T19:53:29","modified_gmt":"2026-03-15T19:53:29","slug":"box-1-rituel-capillaire-complet-lazord-ht","status":"publish","type":"product","link":"https:\/\/lazord-beauty.com\/en\/produit\/box-1-rituel-capillaire-complet-lazord-ht\/","title":{"rendered":"Box 1 \u2013 Rituel Capillaire Complet Lazord"},"content":{"rendered":"<div data-elementor-type=\"product-post\" data-elementor-id=\"11166\" class=\"elementor elementor-11166\">\n\t\t\t\t\t\t<section class=\"wd-negative-gap elementor-section elementor-top-section elementor-element elementor-element-640d62f elementor-section-boxed elementor-section-height-default elementor-section-height-default wd-section-disabled\" data-id=\"640d62f\" data-element_type=\"section\">\n\t\t\t\t\t\t<div class=\"elementor-container elementor-column-gap-default\">\n\t\t\t\t\t<div class=\"elementor-column elementor-col-100 elementor-top-column elementor-element elementor-element-14b1e40\" data-id=\"14b1e40\" data-element_type=\"column\">\n\t\t\t<div class=\"elementor-widget-wrap elementor-element-populated\">\n\t\t\t\t\t\t<div class=\"elementor-element elementor-element-941ca0b elementor-widget elementor-widget-wd_text_block\" data-id=\"941ca0b\" data-element_type=\"widget\" data-widget_type=\"wd_text_block.default\">\n\t\t\t\t<div class=\"elementor-widget-container\">\n\t\t\t\t\t<div class=\"wd-text-block reset-last-child text-left\">\n\t\t\t\n\t\t\t<p class=\" translation-block\">Luxury and Ultimate Care for Hair\nExperience the ultimate haircare with this complete pack. All the products needed to nourish, repair, and add shine and softness to your hair. Ideal for those seeking deep care and professional results at home.<\/p><p><b>Contents:<\/b><\/p><ul><li style=\"list-style-type: none;\"><ul><li style=\"font-weight: 400;\" aria-level=\"1\"><b>Nourishing Serum<\/b><b><br \/><\/b><span style=\"font-weight: 400;\">A rich serum that deeply penetrates to nourish and repair hair, while offering instant shine. It protects against external damage and leaves hair soft and silky.<\/span><span style=\"font-weight: 400;\"><br \/><\/span><i><span style=\"font-weight: 400;\">Benefits: Repair, deep nourishment, instant shine<\/span><\/i><\/li><li style=\"font-weight: 400;\" aria-level=\"1\"><b>Shine Spray<\/b><b><br \/><\/b><span style=\"font-weight: 400;\">This light spray perfumes your hair while offering protection against external aggressions. It hydrates, controls frizz, and provides instant radiance, leaving a silky finish.<\/span><span style=\"font-weight: 400;\"><br \/><\/span><i><span style=\"font-weight: 400;\">Benefits: Soft fragrance, protection, hydration, shine, anti-frizz, silky finish<\/span><\/i><\/li><li style=\"font-weight: 400;\" aria-level=\"1\"><b>Sulfate-Free Shampoo<\/b><b><br \/><\/b><span style=\"font-weight: 400;\">A gentle sulfate-free shampoo, ideal for deep cleansing while respecting the natural balance of the scalp. It purifies without drying out the hair.<\/span><span style=\"font-weight: 400;\"><br \/><\/span><i><span style=\"font-weight: 400;\">Benefits: Gentle cleansing, respects hair fibers, perfect for dry and fragile hair<\/span><\/i><\/li><li style=\"font-weight: 400;\" aria-level=\"1\"><b>Conditioner<\/b><b><br \/><\/b><span style=\"font-weight: 400;\">This moisturizing conditioner envelops each strand for instant softness and shine. It helps detangle and strengthen the hair fibers, leaving the hair stronger and more radiant.<\/span><span style=\"font-weight: 400;\"><br \/><\/span><i><span style=\"font-weight: 400;\">Benefits: Easy detangling, intense hydration, lasting softness<\/span><\/i><\/li><li style=\"font-weight: 400;\" aria-level=\"1\"><b>Leave-In (Thermal Protector)<\/b><b><br \/><\/b><span style=\"font-weight: 400;\">This leave-in treatment acts as a true shield against heat. It protects your hair from heated tools while hydrating it and leaving a smooth and silky finish. Ideal for protected and nourished hair throughout the day.<\/span><span style=\"font-weight: 400;\"><br \/><\/span><i><span style=\"font-weight: 400;\">Benefits: Thermal protection, hydration, smooth finish, anti-frizz<\/span><\/i><\/li><li style=\"font-weight: 400;\" aria-level=\"1\"><b>Collagen Mask<\/b><b><br \/><\/b><span style=\"font-weight: 400;\">A nourishing mask that works deeply to repair fragile hair. Enriched with collagen, it restores strength, elasticity, and shine to the hair, making it stronger and shinier.<\/span><span style=\"font-weight: 400;\"><br \/><\/span><span style=\"font-weight: 400;\">Benefits: Deep repair, strengthens, adds elasticity and shine<\/span><\/li><\/ul><\/li><\/ul>\n\t\t\t\t\t<\/div>\n\t\t\t\t<\/div>\n\t\t\t\t<\/div>\n\t\t\t\t\t<\/div>\n\t\t<\/div>\n\t\t\t\t\t<\/div>\n\t\t<\/section>\n\t\t\t\t<section class=\"wd-negative-gap elementor-section elementor-top-section elementor-element elementor-element-80fd3c7 elementor-section-boxed elementor-section-height-default elementor-section-height-default wd-section-disabled\" data-id=\"80fd3c7\" data-element_type=\"section\">\n\t\t\t\t\t\t<div class=\"elementor-container elementor-column-gap-default\">\n\t\t\t\t\t<div class=\"elementor-column elementor-col-100 elementor-top-column elementor-element elementor-element-e9e781f\" data-id=\"e9e781f\" data-element_type=\"column\">\n\t\t\t<div class=\"elementor-widget-wrap elementor-element-populated\">\n\t\t\t\t\t\t<div class=\"elementor-element elementor-element-63a06a1 elementor-widget elementor-widget-image\" data-id=\"63a06a1\" data-element_type=\"widget\" data-widget_type=\"image.default\">\n\t\t\t\t<div class=\"elementor-widget-container\">\n\t\t\t<style>\/*! elementor - v3.21.0 - 26-05-2024 *\/\n.elementor-widget-image{text-align:center}.elementor-widget-image a{display:inline-block}.elementor-widget-image a img[src$=\".svg\"]{width:48px}.elementor-widget-image img{vertical-align:middle;display:inline-block}<\/style>\t\t\t\t\t\t\t\t\t\t<img fetchpriority=\"high\" decoding=\"async\" width=\"1067\" height=\"800\" src=\"https:\/\/lazord-beauty.com\/wp-content\/uploads\/2025\/02\/WhatsApp-Image-2025-01-31-at-15.59.53-1067x800.jpeg\" class=\"attachment-large size-large wp-image-11142\" alt=\"\" srcset=\"https:\/\/lazord-beauty.com\/wp-content\/uploads\/2025\/02\/WhatsApp-Image-2025-01-31-at-15.59.53-1067x800.jpeg 1067w, https:\/\/lazord-beauty.com\/wp-content\/uploads\/2025\/02\/WhatsApp-Image-2025-01-31-at-15.59.53-scaled-430x323.jpeg 430w, https:\/\/lazord-beauty.com\/wp-content\/uploads\/2025\/02\/WhatsApp-Image-2025-01-31-at-15.59.53-scaled-150x113.jpeg 150w, https:\/\/lazord-beauty.com\/wp-content\/uploads\/2025\/02\/WhatsApp-Image-2025-01-31-at-15.59.53-scaled-700x525.jpeg 700w, https:\/\/lazord-beauty.com\/wp-content\/uploads\/2025\/02\/WhatsApp-Image-2025-01-31-at-15.59.53-400x300.jpeg 400w, https:\/\/lazord-beauty.com\/wp-content\/uploads\/2025\/02\/WhatsApp-Image-2025-01-31-at-15.59.53-768x576.jpeg 768w, https:\/\/lazord-beauty.com\/wp-content\/uploads\/2025\/02\/WhatsApp-Image-2025-01-31-at-15.59.53-1536x1152.jpeg 1536w, https:\/\/lazord-beauty.com\/wp-content\/uploads\/2025\/02\/WhatsApp-Image-2025-01-31-at-15.59.53-2048x1536.jpeg 2048w, https:\/\/lazord-beauty.com\/wp-content\/uploads\/2025\/02\/WhatsApp-Image-2025-01-31-at-15.59.53-16x12.jpeg 16w, https:\/\/lazord-beauty.com\/wp-content\/uploads\/2025\/02\/WhatsApp-Image-2025-01-31-at-15.59.53-860x645.jpeg 860w\" sizes=\"(max-width: 1067px) 100vw, 1067px\" \/>\t\t\t\t\t\t\t\t\t\t\t\t\t<\/div>\n\t\t\t\t<\/div>\n\t\t\t\t\t<\/div>\n\t\t<\/div>\n\t\t\t\t\t<\/div>\n\t\t<\/section>\n\t\t\t\t<section class=\"wd-negative-gap elementor-section elementor-top-section elementor-element elementor-element-1211469 elementor-section-boxed elementor-section-height-default elementor-section-height-default wd-section-disabled\" data-id=\"1211469\" data-element_type=\"section\">\n\t\t\t\t\t\t<div class=\"elementor-container elementor-column-gap-default\">\n\t\t\t\t\t<div class=\"elementor-column elementor-col-100 elementor-top-column elementor-element elementor-element-3b20f53\" data-id=\"3b20f53\" data-element_type=\"column\" data-settings=\"{&quot;background_background&quot;:&quot;classic&quot;}\">\n\t\t\t<div class=\"elementor-widget-wrap elementor-element-populated\">\n\t\t\t\t\t\t<div class=\"elementor-element elementor-element-182bb52 elementor-widget elementor-widget-site_reviews_summary\" data-id=\"182bb52\" data-element_type=\"widget\" data-widget_type=\"site_reviews_summary.default\">\n\t\t\t\t<div class=\"elementor-widget-container\">\n\t\t\t<div class=\"glsr glsr-default\" id=\"glsr_949db7a8\" data-from='elementor' data-shortcode='site_reviews_summary' data-assigned_posts='11166' data-hide='[&quot;if_empty&quot;]'><\/div>\t\t<\/div>\n\t\t\t\t<\/div>\n\t\t\t\t<div class=\"elementor-element elementor-element-8ae51c6 elementor-widget elementor-widget-site_reviews\" data-id=\"8ae51c6\" data-element_type=\"widget\" data-widget_type=\"site_reviews.default\">\n\t\t\t\t<div class=\"elementor-widget-container\">\n\t\t\t<div class=\"glsr glsr-default\" id=\"glsr_8931ea1d\" data-from='elementor' data-shortcode='site_reviews' data-assigned_posts='11166' data-display='10'><div class=\"glsr-reviews-wrap\">\n    <div class=\"glsr-reviews\">\n        <p class=\"glsr-no-margins\">There are no reviews yet. Be the first one to write one.<\/p>\n    <\/div>\n    \n<\/div><\/div>\t\t<\/div>\n\t\t\t\t<\/div>\n\t\t\t\t<div class=\"elementor-element elementor-element-a7778ba elementor-widget elementor-widget-heading\" data-id=\"a7778ba\" data-element_type=\"widget\" data-widget_type=\"heading.default\">\n\t\t\t\t<div class=\"elementor-widget-container\">\n\t\t\t<style>\/*! elementor - v3.21.0 - 26-05-2024 *\/\n.elementor-heading-title{padding:0;margin:0;line-height:1}.elementor-widget-heading .elementor-heading-title[class*=elementor-size-]>a{color:inherit;font-size:inherit;line-height:inherit}.elementor-widget-heading .elementor-heading-title.elementor-size-small{font-size:15px}.elementor-widget-heading .elementor-heading-title.elementor-size-medium{font-size:19px}.elementor-widget-heading .elementor-heading-title.elementor-size-large{font-size:29px}.elementor-widget-heading .elementor-heading-title.elementor-size-xl{font-size:39px}.elementor-widget-heading .elementor-heading-title.elementor-size-xxl{font-size:59px}<\/style><h2 class=\"elementor-heading-title elementor-size-default\">Tell us about your opinion ?<\/h2>\t\t<\/div>\n\t\t\t\t<\/div>\n\t\t\t\t<div class=\"elementor-element elementor-element-b21112e elementor-widget elementor-widget-site_reviews_form\" data-id=\"b21112e\" data-element_type=\"widget\" data-widget_type=\"site_reviews_form.default\">\n\t\t\t\t<div class=\"elementor-widget-container\">\n\t\t\t<div class=\"glsr glsr-default\" id=\"glsr_a6500ae2\" data-from='elementor' data-shortcode='site_reviews_form' data-assigned_posts='11166'><div class=\"glsr-form-wrap\">\n    <form class=\"glsr-review-form glsr-form\" method=\"post\" enctype=\"multipart\/form-data\" action=\"\">\n        <input name=\"site-reviews[_action]\" type=\"hidden\" value=\"submit-review\"><input name=\"site-reviews[_nonce]\" type=\"hidden\" value=\"2a34506be2\"><input name=\"site-reviews[_post_id]\" type=\"hidden\" value=\"11166\"><input name=\"site-reviews[_referer]\" type=\"hidden\" value=\"\/en\/wp-json\/wp\/v2\/product\/11166\"><input name=\"site-reviews[assigned_posts]\" type=\"hidden\" value=\"11166\"><input name=\"site-reviews[assigned_terms]\" type=\"hidden\" value=\"\"><input name=\"site-reviews[assigned_users]\" type=\"hidden\" value=\"\"><input name=\"site-reviews[excluded]\" type=\"hidden\" value=\"\"><input name=\"site-reviews[form_id]\" type=\"hidden\" value=\"glsr_a6500ae2\"><input name=\"site-reviews[terms_exist]\" type=\"hidden\" value=\"1\"><div class=\"glsr-field\" style=\"display:none;\"><label class=\"glsr-label glsr-label-text\" for=\"site-reviews-3f599941-glsr_a6500ae2\"><span>Your review<\/span><\/label><input class=\"glsr-input glsr-input-text\" id=\"site-reviews-3f599941-glsr_a6500ae2\" name=\"site-reviews[3f599941]\" type=\"text\" value=\"\"><\/div><div class=\"glsr-field glsr-field-rating glsr-required\" data-field=\"rating\">\n    <label class=\"glsr-label glsr-label-rating\" for=\"site-reviews-rating-glsr_a6500ae2\"><span>Your overall rating<\/span><\/label>\n    <select class=\"glsr-select browser-default no_wrap no-wrap\" id=\"site-reviews-rating-glsr_a6500ae2\" name=\"site-reviews[rating]\" required><option selected value=\"\">Select a Rating<\/option><option value=\"5\">5 Stars<\/option><option value=\"4\">4 Stars<\/option><option value=\"3\">3 Stars<\/option><option value=\"2\">2 Stars<\/option><option value=\"1\">1 Star<\/option><\/select>\n    <div class=\"glsr-field-error\"><\/div>\n<\/div><div class=\"glsr-field glsr-field-text glsr-required\" data-field=\"title\">\n    <label class=\"glsr-label glsr-label-text\" for=\"site-reviews-title-glsr_a6500ae2\"><span>Title of your review<\/span><\/label>\n    <input class=\"glsr-input glsr-input-text\" id=\"site-reviews-title-glsr_a6500ae2\" name=\"site-reviews[title]\" type=\"text\" placeholder=\"Summarize your review or highlight an interesting detail\" required value=\"\">\n    <div class=\"glsr-field-error\"><\/div>\n<\/div><div class=\"glsr-field glsr-field-textarea glsr-required\" data-field=\"content\">\n    <label class=\"glsr-label glsr-label-textarea\" for=\"site-reviews-content-glsr_a6500ae2\"><span>Your review<\/span><\/label>\n    <textarea class=\"glsr-textarea\" id=\"site-reviews-content-glsr_a6500ae2\" name=\"site-reviews[content]\" placeholder=\"Tell people your review\" rows=\"5\" required><\/textarea>\n    <div class=\"glsr-field-error\"><\/div>\n<\/div><div class=\"glsr-field glsr-field-text glsr-required\" data-field=\"name\">\n    <label class=\"glsr-label glsr-label-text\" for=\"site-reviews-name-glsr_a6500ae2\"><span>Your name<\/span><\/label>\n    <input class=\"glsr-input glsr-input-text\" id=\"site-reviews-name-glsr_a6500ae2\" name=\"site-reviews[name]\" type=\"text\" placeholder=\"Tell us your name\" required value=\"\">\n    <div class=\"glsr-field-error\"><\/div>\n<\/div><div class=\"glsr-field glsr-field-email glsr-required\" data-field=\"email\">\n    <label class=\"glsr-label glsr-label-email\" for=\"site-reviews-email-glsr_a6500ae2\"><span>Your email<\/span><\/label>\n    <input class=\"glsr-input glsr-input-email\" id=\"site-reviews-email-glsr_a6500ae2\" name=\"site-reviews[email]\" type=\"email\" placeholder=\"Tell us your email\" required value=\"\">\n    <div class=\"glsr-field-error\"><\/div>\n<\/div><div class=\"glsr-field glsr-field-choice glsr-required\" data-field=\"terms\">\n    \n    <span class=\"glsr-field-toggle\">\n    <span class=\"glsr-toggle\">\n        <label for=\"site-reviews-terms-glsr_a6500ae2-1\">This review is based on my own experience and is my genuine opinion.<\/label>\n        <span class=\"glsr-toggle-switch\">\n            <input class=\"glsr-input-toggle\" id=\"site-reviews-terms-glsr_a6500ae2-1\" name=\"site-reviews[terms]\" type=\"checkbox\" value=\"1\" required> &#8203; <!-- zero-space character used for alignment -->\n            <span class=\"glsr-toggle-track\"><\/span>\n        <\/span>\n    <\/span>\n<\/span>\n    <div class=\"glsr-field-error\"><\/div>\n<\/div>\n        <div class=\"glsr-form-message\">\n    \n<\/div>\n        <div data-field=\"submit-button\">\n    <div class=\"wp-block-button\">\n        <button type=\"submit\" class=\"glsr-button wp-block-button__link\" \n            aria-busy=\"false\"\n            data-loading=\"Submitting, please wait...\" \n        >Submit your review<\/button>\n    <\/div>\n<\/div>\n    <input type=\"hidden\" name=\"trp-form-language\" value=\"en\"\/><\/form>\n<\/div><\/div>\t\t<\/div>\n\t\t\t\t<\/div>\n\t\t\t\t\t<\/div>\n\t\t<\/div>\n\t\t\t\t\t<\/div>\n\t\t<\/section>\n\t\t\t\t<\/div>","protected":false},"excerpt":{"rendered":"<p>La routine ultime Lazord pour des cheveux forts, brillants et profond\u00e9ment nourris.<\/p>\n<p>Cette box Lazord offre un soin capillaire complet, sp\u00e9cialement formul\u00e9 pour r\u00e9parer, hydrater et prot\u00e9ger les cheveux.<\/p>","protected":false},"featured_media":11790,"template":"","meta":{"om_disable_all_campaigns":false,"ub_ctt_via":"","_monsterinsights_skip_tracking":false,"_monsterinsights_sitenote_active":false,"_monsterinsights_sitenote_note":"","_monsterinsights_sitenote_category":0,"_uf_show_specific_survey":0,"_uf_disable_surveys":false,"_glsr_average":0,"_glsr_ranking":0,"_glsr_reviews":0},"product_cat":[115],"product_tag":[],"aioseo_notices":[],"yoast_head":"<!-- This site is optimized with the Yoast SEO plugin v21.6 - https:\/\/yoast.com\/wordpress\/plugins\/seo\/ -->\n<title>Box 1 \u2013 Rituel Capillaire Complet Lazord - Lazord Beauty<\/title>\n<meta name=\"description\" content=\"Box Lazord rituel capillaire complet avec shampoing sans sulfate, conditionneur, masque au collag\u00e8ne, leave-in et s\u00e9rum pour nourrir, r\u00e9parer et faire briller les cheveux.\" \/>\n<meta name=\"robots\" content=\"index, follow, max-snippet:-1, max-image-preview:large, max-video-preview:-1\" \/>\n<link rel=\"canonical\" href=\"https:\/\/lazord-beauty.com\/en\/produit\/box-1-rituel-capillaire-complet-lazord-ht\/\" \/>\n<meta property=\"og:locale\" content=\"en_GB\" \/>\n<meta property=\"og:type\" content=\"article\" \/>\n<meta property=\"og:title\" content=\"Box 1 \u2013 Rituel Capillaire Complet Lazord - Lazord Beauty\" \/>\n<meta property=\"og:description\" content=\"Box Lazord rituel capillaire complet avec shampoing sans sulfate, conditionneur, masque au collag\u00e8ne, leave-in et s\u00e9rum pour nourrir, r\u00e9parer et faire briller les cheveux.\" \/>\n<meta property=\"og:url\" content=\"https:\/\/lazord-beauty.com\/en\/produit\/box-1-rituel-capillaire-complet-lazord-ht\/\" \/>\n<meta property=\"og:site_name\" content=\"Lazord Beauty\" \/>\n<meta property=\"article:modified_time\" content=\"2026-03-15T19:53:29+00:00\" \/>\n<meta property=\"og:image\" content=\"https:\/\/lazord-beauty.com\/wp-content\/uploads\/2026\/02\/5.png\" \/>\n\t<meta property=\"og:image:width\" content=\"1080\" \/>\n\t<meta property=\"og:image:height\" content=\"1080\" \/>\n\t<meta property=\"og:image:type\" content=\"image\/png\" \/>\n<meta name=\"twitter:card\" content=\"summary_large_image\" \/>\n<script type=\"application\/ld+json\" class=\"yoast-schema-graph\">{\"@context\":\"https:\/\/schema.org\",\"@graph\":[{\"@type\":\"WebPage\",\"@id\":\"https:\/\/lazord-beauty.com\/produit\/box-1-rituel-capillaire-complet-lazord-ht\/\",\"url\":\"https:\/\/lazord-beauty.com\/produit\/box-1-rituel-capillaire-complet-lazord-ht\/\",\"name\":\"Box 1 \u2013 Rituel Capillaire Complet Lazord - Lazord Beauty\",\"isPartOf\":{\"@id\":\"https:\/\/lazord-beauty.com\/fr\/#website\"},\"datePublished\":\"2025-02-04T10:07:36+00:00\",\"dateModified\":\"2026-03-15T19:53:29+00:00\",\"description\":\"Box Lazord rituel capillaire complet avec shampoing sans sulfate, conditionneur, masque au collag\u00e8ne, leave-in et s\u00e9rum pour nourrir, r\u00e9parer et faire briller les cheveux.\",\"breadcrumb\":{\"@id\":\"https:\/\/lazord-beauty.com\/produit\/box-1-rituel-capillaire-complet-lazord-ht\/#breadcrumb\"},\"inLanguage\":\"en-GB\",\"potentialAction\":[{\"@type\":\"ReadAction\",\"target\":[\"https:\/\/lazord-beauty.com\/produit\/box-1-rituel-capillaire-complet-lazord-ht\/\"]}]},{\"@type\":\"BreadcrumbList\",\"@id\":\"https:\/\/lazord-beauty.com\/produit\/box-1-rituel-capillaire-complet-lazord-ht\/#breadcrumb\",\"itemListElement\":[{\"@type\":\"ListItem\",\"position\":1,\"name\":\"Accueil\",\"item\":\"https:\/\/lazord-beauty.com\/fr\/\"},{\"@type\":\"ListItem\",\"position\":2,\"name\":\"Boutique\",\"item\":\"https:\/\/lazord-beauty.com\/boutique\/\"},{\"@type\":\"ListItem\",\"position\":3,\"name\":\"Box 1 \u2013 Rituel Capillaire Complet Lazord\"}]},{\"@type\":\"WebSite\",\"@id\":\"https:\/\/lazord-beauty.com\/fr\/#website\",\"url\":\"https:\/\/lazord-beauty.com\/fr\/\",\"name\":\"Lazord Beauty\",\"description\":\"Soins professionnels des cheveux\",\"publisher\":{\"@id\":\"https:\/\/lazord-beauty.com\/fr\/#organization\"},\"potentialAction\":[{\"@type\":\"SearchAction\",\"target\":{\"@type\":\"EntryPoint\",\"urlTemplate\":\"https:\/\/lazord-beauty.com\/fr\/?s={search_term_string}\"},\"query-input\":\"required name=search_term_string\"}],\"inLanguage\":\"en-GB\"},{\"@type\":\"Organization\",\"@id\":\"https:\/\/lazord-beauty.com\/fr\/#organization\",\"name\":\"Lazord Beauty\",\"url\":\"https:\/\/lazord-beauty.com\/fr\/\",\"logo\":{\"@type\":\"ImageObject\",\"inLanguage\":\"en-GB\",\"@id\":\"https:\/\/lazord-beauty.com\/fr\/#\/schema\/logo\/image\/\",\"url\":\"https:\/\/lazord-beauty.com\/wp-content\/uploads\/2022\/04\/cropped-7ae3d6b7-a26b-4536-b4be-a4d4deed593b-removebg-preview-1.png\",\"contentUrl\":\"https:\/\/lazord-beauty.com\/wp-content\/uploads\/2022\/04\/cropped-7ae3d6b7-a26b-4536-b4be-a4d4deed593b-removebg-preview-1.png\",\"width\":202,\"height\":212,\"caption\":\"Lazord Beauty\"},\"image\":{\"@id\":\"https:\/\/lazord-beauty.com\/fr\/#\/schema\/logo\/image\/\"}}]}<\/script>\n<!-- \/ Yoast SEO plugin. -->","yoast_head_json":{"title":"Box 1 \u2013 Rituel Capillaire Complet Lazord - Lazord Beauty","description":"Box Lazord rituel capillaire complet avec shampoing sans sulfate, conditionneur, masque au collag\u00e8ne, leave-in et s\u00e9rum pour nourrir, r\u00e9parer et faire briller les cheveux.","robots":{"index":"index","follow":"follow","max-snippet":"max-snippet:-1","max-image-preview":"max-image-preview:large","max-video-preview":"max-video-preview:-1"},"canonical":"https:\/\/lazord-beauty.com\/en\/produit\/box-1-rituel-capillaire-complet-lazord-ht\/","og_locale":"en_GB","og_type":"article","og_title":"Box 1 \u2013 Rituel Capillaire Complet Lazord - Lazord Beauty","og_description":"Box Lazord rituel capillaire complet avec shampoing sans sulfate, conditionneur, masque au collag\u00e8ne, leave-in et s\u00e9rum pour nourrir, r\u00e9parer et faire briller les cheveux.","og_url":"https:\/\/lazord-beauty.com\/en\/produit\/box-1-rituel-capillaire-complet-lazord-ht\/","og_site_name":"Lazord Beauty","article_modified_time":"2026-03-15T19:53:29+00:00","og_image":[{"width":1080,"height":1080,"url":"https:\/\/lazord-beauty.com\/wp-content\/uploads\/2026\/02\/5.png","type":"image\/png"}],"twitter_card":"summary_large_image","schema":{"@context":"https:\/\/schema.org","@graph":[{"@type":"WebPage","@id":"https:\/\/lazord-beauty.com\/produit\/box-1-rituel-capillaire-complet-lazord-ht\/","url":"https:\/\/lazord-beauty.com\/produit\/box-1-rituel-capillaire-complet-lazord-ht\/","name":"Box 1 \u2013 Rituel Capillaire Complet Lazord - Lazord Beauty","isPartOf":{"@id":"https:\/\/lazord-beauty.com\/fr\/#website"},"datePublished":"2025-02-04T10:07:36+00:00","dateModified":"2026-03-15T19:53:29+00:00","description":"Box Lazord rituel capillaire complet avec shampoing sans sulfate, conditionneur, masque au collag\u00e8ne, leave-in et s\u00e9rum pour nourrir, r\u00e9parer et faire briller les cheveux.","breadcrumb":{"@id":"https:\/\/lazord-beauty.com\/produit\/box-1-rituel-capillaire-complet-lazord-ht\/#breadcrumb"},"inLanguage":"en-GB","potentialAction":[{"@type":"ReadAction","target":["https:\/\/lazord-beauty.com\/produit\/box-1-rituel-capillaire-complet-lazord-ht\/"]}]},{"@type":"BreadcrumbList","@id":"https:\/\/lazord-beauty.com\/produit\/box-1-rituel-capillaire-complet-lazord-ht\/#breadcrumb","itemListElement":[{"@type":"ListItem","position":1,"name":"Accueil","item":"https:\/\/lazord-beauty.com\/fr\/"},{"@type":"ListItem","position":2,"name":"Boutique","item":"https:\/\/lazord-beauty.com\/boutique\/"},{"@type":"ListItem","position":3,"name":"Box 1 \u2013 Rituel Capillaire Complet Lazord"}]},{"@type":"WebSite","@id":"https:\/\/lazord-beauty.com\/fr\/#website","url":"https:\/\/lazord-beauty.com\/fr\/","name":"Lazord Beauty","description":"Soins professionnels des cheveux","publisher":{"@id":"https:\/\/lazord-beauty.com\/fr\/#organization"},"potentialAction":[{"@type":"SearchAction","target":{"@type":"EntryPoint","urlTemplate":"https:\/\/lazord-beauty.com\/fr\/?s={search_term_string}"},"query-input":"required name=search_term_string"}],"inLanguage":"en-GB"},{"@type":"Organization","@id":"https:\/\/lazord-beauty.com\/fr\/#organization","name":"Lazord Beauty","url":"https:\/\/lazord-beauty.com\/fr\/","logo":{"@type":"ImageObject","inLanguage":"en-GB","@id":"https:\/\/lazord-beauty.com\/fr\/#\/schema\/logo\/image\/","url":"https:\/\/lazord-beauty.com\/wp-content\/uploads\/2022\/04\/cropped-7ae3d6b7-a26b-4536-b4be-a4d4deed593b-removebg-preview-1.png","contentUrl":"https:\/\/lazord-beauty.com\/wp-content\/uploads\/2022\/04\/cropped-7ae3d6b7-a26b-4536-b4be-a4d4deed593b-removebg-preview-1.png","width":202,"height":212,"caption":"Lazord Beauty"},"image":{"@id":"https:\/\/lazord-beauty.com\/fr\/#\/schema\/logo\/image\/"}}]}},"_links":{"self":[{"href":"https:\/\/lazord-beauty.com\/en\/wp-json\/wp\/v2\/product\/11166"}],"collection":[{"href":"https:\/\/lazord-beauty.com\/en\/wp-json\/wp\/v2\/product"}],"about":[{"href":"https:\/\/lazord-beauty.com\/en\/wp-json\/wp\/v2\/types\/product"}],"version-history":[{"count":12,"href":"https:\/\/lazord-beauty.com\/en\/wp-json\/wp\/v2\/product\/11166\/revisions"}],"predecessor-version":[{"id":12095,"href":"https:\/\/lazord-beauty.com\/en\/wp-json\/wp\/v2\/product\/11166\/revisions\/12095"}],"wp:featuredmedia":[{"embeddable":true,"href":"https:\/\/lazord-beauty.com\/en\/wp-json\/wp\/v2\/media\/11790"}],"wp:attachment":[{"href":"https:\/\/lazord-beauty.com\/en\/wp-json\/wp\/v2\/media?parent=11166"}],"wp:term":[{"taxonomy":"product_cat","embeddable":true,"href":"https:\/\/lazord-beauty.com\/en\/wp-json\/wp\/v2\/product_cat?post=11166"},{"taxonomy":"product_tag","embeddable":true,"href":"https:\/\/lazord-beauty.com\/en\/wp-json\/wp\/v2\/product_tag?post=11166"}],"curies":[{"name":"wp","href":"https:\/\/api.w.org\/{rel}","templated":true}]}}