{"id":11806,"date":"2026-02-06T11:44:55","date_gmt":"2026-02-06T11:44:55","guid":{"rendered":"https:\/\/lazord-beauty.com\/?post_type=product&#038;p=11806"},"modified":"2026-03-15T19:52:55","modified_gmt":"2026-03-15T19:52:55","slug":"box-5-lisseur-thermique-avance-lazord","status":"publish","type":"product","link":"https:\/\/lazord-beauty.com\/ar\/produit\/box-5-lisseur-thermique-avance-lazord\/","title":{"rendered":"Box 5 \u2013 Lisseur Thermique Avanc\u00e9 Lazord"},"content":{"rendered":"<div data-elementor-type=\"product-post\" data-elementor-id=\"11806\" class=\"elementor elementor-11806\">\n\t\t\t\t\t\t<section class=\"wd-negative-gap elementor-section elementor-top-section elementor-element elementor-element-250c05e3 elementor-section-boxed elementor-section-height-default elementor-section-height-default wd-section-disabled\" data-id=\"250c05e3\" data-element_type=\"section\">\n\t\t\t\t\t\t<div class=\"elementor-container elementor-column-gap-default\">\n\t\t\t\t\t<div class=\"elementor-column elementor-col-100 elementor-top-column elementor-element elementor-element-51c9daa1\" data-id=\"51c9daa1\" data-element_type=\"column\">\n\t\t\t<div class=\"elementor-widget-wrap elementor-element-populated\">\n\t\t\t\t\t\t<div class=\"elementor-element elementor-element-4986f158 color-scheme-inherit text-left elementor-widget elementor-widget-text-editor\" data-id=\"4986f158\" data-element_type=\"widget\" data-widget_type=\"text-editor.default\">\n\t\t\t\t<div class=\"elementor-widget-container\">\n\t\t\t<style>\/*! elementor - v3.21.0 - 26-05-2024 *\/\n.elementor-widget-text-editor.elementor-drop-cap-view-stacked .elementor-drop-cap{background-color:#69727d;color:#fff}.elementor-widget-text-editor.elementor-drop-cap-view-framed .elementor-drop-cap{color:#69727d;border:3px solid;background-color:transparent}.elementor-widget-text-editor:not(.elementor-drop-cap-view-default) .elementor-drop-cap{margin-top:8px}.elementor-widget-text-editor:not(.elementor-drop-cap-view-default) .elementor-drop-cap-letter{width:1em;height:1em}.elementor-widget-text-editor .elementor-drop-cap{float:left;text-align:center;line-height:1;font-size:50px}.elementor-widget-text-editor .elementor-drop-cap-letter{display:inline-block}<\/style>\t\t\t\t<p data-start=\"763\" data-end=\"1002\">La <strong data-start=\"766\" data-end=\"805\">Box Lisseur Thermique Avanc\u00e9 Lazord<\/strong> est con\u00e7ue pour offrir des r\u00e9sultats professionnels \u00e0 domicile. Elle associe performance, s\u00e9curit\u00e9 et praticit\u00e9 pour transformer votre routine de coiffage et sublimer vos cheveux en un seul geste.<\/p>\r\n<p data-start=\"1004\" data-end=\"1296\">Le <strong data-start=\"1007\" data-end=\"1042\">Lisseur Thermique Avanc\u00e9 Lazord<\/strong> est un appareil haute performance dot\u00e9 d\u2019une technologie innovante qui assure une r\u00e9partition uniforme de la chaleur. Cette diffusion homog\u00e8ne permet d\u2019obtenir des cheveux parfaitement lisses, soyeux et brillants, tout en respectant la fibre capillaire.<\/p>\r\n<p data-start=\"1298\" data-end=\"1584\">Ses <strong data-start=\"1302\" data-end=\"1332\">plaques en titane avanc\u00e9es<\/strong> garantissent un lissage rapide et efficace, r\u00e9duisant le temps d\u2019exposition \u00e0 la chaleur et limitant les risques d\u2019ab\u00eemer les cheveux. L\u2019<strong data-start=\"1470\" data-end=\"1497\">\u00e9cran num\u00e9rique int\u00e9gr\u00e9<\/strong> permet un r\u00e9glage pr\u00e9cis de la temp\u00e9rature selon votre type de cheveux et vos besoins.<\/p>\r\n<p data-start=\"1586\" data-end=\"1854\">Avec une <strong data-start=\"1595\" data-end=\"1641\">temp\u00e9rature r\u00e9glable jusqu\u2019\u00e0 480\u00b0F (250\u00b0C)<\/strong>, ce lisseur convient aussi bien aux cheveux fins qu\u2019aux cheveux \u00e9pais ou difficiles \u00e0 lisser. Son <strong data-start=\"1740\" data-end=\"1764\">chauffage instantan\u00e9<\/strong> le rend pr\u00eat \u00e0 l\u2019emploi en quelques secondes, id\u00e9al pour un coiffage rapide au quotidien.<\/p>\r\n<p data-start=\"1856\" data-end=\"2200\">Le <strong data-start=\"1859\" data-end=\"1898\">cordon rotatif \u00e0 360\u00b0 de 2,5 m\u00e8tres<\/strong> offre une libert\u00e9 de mouvement totale, tandis que la <strong data-start=\"1952\" data-end=\"1985\">tension universelle 110V\u2013220V<\/strong> avec syst\u00e8me intelligent permet une utilisation partout dans le monde. Le <strong data-start=\"2060\" data-end=\"2091\">syst\u00e8me d\u2019arr\u00eat automatique<\/strong> assure une s\u00e9curit\u00e9 maximale en cas d\u2019inactivit\u00e9, et le <strong data-start=\"2148\" data-end=\"2177\">m\u00e9canisme de verrouillage<\/strong> facilite le rangement.<\/p>\r\n<p data-start=\"2202\" data-end=\"2336\">La box inclut \u00e9galement des <strong data-start=\"2230\" data-end=\"2255\">accessoires pratiques<\/strong>, notamment des <strong data-start=\"2271\" data-end=\"2293\">gants anti-chaleur<\/strong>, pour un coiffage confortable et s\u00e9curis\u00e9.<\/p>\r\n\r\n<h3 data-start=\"2338\" data-end=\"2366\">Conseils d\u2019utilisation :<\/h3>\r\n<p data-start=\"2367\" data-end=\"2670\">Sur cheveux secs et d\u00e9m\u00eal\u00e9s, r\u00e9glez la temp\u00e9rature du lisseur Lazord en fonction de votre type de cheveux.<br data-start=\"2473\" data-end=\"2476\" \/>Passez le lisseur m\u00e8che par m\u00e8che, lentement, sans insister excessivement.<br data-start=\"2550\" data-end=\"2553\" \/>Pour un r\u00e9sultat optimal et durable, vous pouvez compl\u00e9ter le coiffage avec un s\u00e9rum ou un soin protecteur thermique.<\/p>\r\n<p data-start=\"2672\" data-end=\"2779\">R\u00e9sultat : <strong data-start=\"2683\" data-end=\"2775\">des cheveux lisses, brillants, disciplin\u00e9s et un look impeccable en toutes circonstances<\/strong> \u2728\ud83d\udd25<\/p>\r\n<p data-start=\"2786\" data-end=\"2815\"><\/p>\t\t\t\t\t\t<\/div>\n\t\t\t\t<\/div>\n\t\t\t\t\t<\/div>\n\t\t<\/div>\n\t\t\t\t\t<\/div>\n\t\t<\/section>\n\t\t\t\t<section class=\"wd-negative-gap elementor-section elementor-top-section elementor-element elementor-element-f92fd50 elementor-section-boxed elementor-section-height-default elementor-section-height-default wd-section-disabled\" data-id=\"f92fd50\" data-element_type=\"section\">\n\t\t\t\t\t\t<div class=\"elementor-container elementor-column-gap-default\">\n\t\t\t\t\t<div class=\"elementor-column elementor-col-100 elementor-top-column elementor-element elementor-element-7e4fe39\" data-id=\"7e4fe39\" data-element_type=\"column\" data-settings=\"{&quot;background_background&quot;:&quot;classic&quot;}\">\n\t\t\t<div class=\"elementor-widget-wrap elementor-element-populated\">\n\t\t\t\t\t\t<div class=\"elementor-element elementor-element-ec90d33 elementor-widget elementor-widget-site_reviews_summary\" data-id=\"ec90d33\" data-element_type=\"widget\" data-widget_type=\"site_reviews_summary.default\">\n\t\t\t\t<div class=\"elementor-widget-container\">\n\t\t\t<div class=\"glsr glsr-default\" id=\"glsr_949db7a8\" data-from='elementor' data-shortcode='site_reviews_summary' data-assigned_posts='11806' data-hide='[&quot;if_empty&quot;]'><\/div>\t\t<\/div>\n\t\t\t\t<\/div>\n\t\t\t\t<div class=\"elementor-element elementor-element-3e5334a elementor-widget elementor-widget-site_reviews\" data-id=\"3e5334a\" data-element_type=\"widget\" data-widget_type=\"site_reviews.default\">\n\t\t\t\t<div class=\"elementor-widget-container\">\n\t\t\t<div class=\"glsr glsr-default\" id=\"glsr_8931ea1d\" data-from='elementor' data-shortcode='site_reviews' data-assigned_posts='11806' data-display='10'><div class=\"glsr-reviews-wrap\">\n    <div class=\"glsr-reviews\">\n        <p class=\"glsr-no-margins\">There are no reviews yet. Be the first one to write one.<\/p>\n    <\/div>\n    \n<\/div><\/div>\t\t<\/div>\n\t\t\t\t<\/div>\n\t\t\t\t<div class=\"elementor-element elementor-element-7a268ab elementor-widget elementor-widget-heading\" data-id=\"7a268ab\" data-element_type=\"widget\" data-widget_type=\"heading.default\">\n\t\t\t\t<div class=\"elementor-widget-container\">\n\t\t\t<style>\/*! elementor - v3.21.0 - 26-05-2024 *\/\n.elementor-heading-title{padding:0;margin:0;line-height:1}.elementor-widget-heading .elementor-heading-title[class*=elementor-size-]>a{color:inherit;font-size:inherit;line-height:inherit}.elementor-widget-heading .elementor-heading-title.elementor-size-small{font-size:15px}.elementor-widget-heading .elementor-heading-title.elementor-size-medium{font-size:19px}.elementor-widget-heading .elementor-heading-title.elementor-size-large{font-size:29px}.elementor-widget-heading .elementor-heading-title.elementor-size-xl{font-size:39px}.elementor-widget-heading .elementor-heading-title.elementor-size-xxl{font-size:59px}<\/style><h2 class=\"elementor-heading-title elementor-size-default\">\u0623\u062e\u0628\u0631\u0646\u0627 \u0628\u0631\u0623\u064a\u0643<\/h2>\t\t<\/div>\n\t\t\t\t<\/div>\n\t\t\t\t<div class=\"elementor-element elementor-element-fbbf9a7 elementor-widget elementor-widget-site_reviews_form\" data-id=\"fbbf9a7\" data-element_type=\"widget\" data-widget_type=\"site_reviews_form.default\">\n\t\t\t\t<div class=\"elementor-widget-container\">\n\t\t\t<div class=\"glsr glsr-default\" id=\"glsr_a6500ae2\" data-from='elementor' data-shortcode='site_reviews_form' data-assigned_posts='11806'><div class=\"glsr-form-wrap\">\n    <form class=\"glsr-review-form glsr-form\" method=\"post\" enctype=\"multipart\/form-data\" action=\"\">\n        <input name=\"site-reviews[_action]\" type=\"hidden\" value=\"submit-review\"><input name=\"site-reviews[_nonce]\" type=\"hidden\" value=\"2a34506be2\"><input name=\"site-reviews[_post_id]\" type=\"hidden\" value=\"11806\"><input name=\"site-reviews[_referer]\" type=\"hidden\" value=\"\/ar\/wp-json\/wp\/v2\/product\/11806\"><input name=\"site-reviews[assigned_posts]\" type=\"hidden\" value=\"11806\"><input name=\"site-reviews[assigned_terms]\" type=\"hidden\" value=\"\"><input name=\"site-reviews[assigned_users]\" type=\"hidden\" value=\"\"><input name=\"site-reviews[excluded]\" type=\"hidden\" value=\"\"><input name=\"site-reviews[form_id]\" type=\"hidden\" value=\"glsr_a6500ae2\"><input name=\"site-reviews[terms_exist]\" type=\"hidden\" value=\"1\"><div class=\"glsr-field\" style=\"display:none;\"><label class=\"glsr-label glsr-label-text\" for=\"site-reviews-3f599941-glsr_a6500ae2\"><span>Your review<\/span><\/label><input class=\"glsr-input glsr-input-text\" id=\"site-reviews-3f599941-glsr_a6500ae2\" name=\"site-reviews[3f599941]\" type=\"text\" value=\"\"><\/div><div class=\"glsr-field glsr-field-rating glsr-required\" data-field=\"rating\">\n    <label class=\"glsr-label glsr-label-rating\" for=\"site-reviews-rating-glsr_a6500ae2\"><span>Your overall rating<\/span><\/label>\n    <select class=\"glsr-select browser-default no_wrap no-wrap\" id=\"site-reviews-rating-glsr_a6500ae2\" name=\"site-reviews[rating]\" required><option selected value=\"\">Select a Rating<\/option><option value=\"5\">5 Stars<\/option><option value=\"4\">4 Stars<\/option><option value=\"3\">3 Stars<\/option><option value=\"2\">2 Stars<\/option><option value=\"1\">1 Star<\/option><\/select>\n    <div class=\"glsr-field-error\"><\/div>\n<\/div><div class=\"glsr-field glsr-field-text glsr-required\" data-field=\"title\">\n    <label class=\"glsr-label glsr-label-text\" for=\"site-reviews-title-glsr_a6500ae2\"><span>Title of your review<\/span><\/label>\n    <input class=\"glsr-input glsr-input-text\" id=\"site-reviews-title-glsr_a6500ae2\" name=\"site-reviews[title]\" type=\"text\" placeholder=\"Summarize your review or highlight an interesting detail\" required value=\"\">\n    <div class=\"glsr-field-error\"><\/div>\n<\/div><div class=\"glsr-field glsr-field-textarea glsr-required\" data-field=\"content\">\n    <label class=\"glsr-label glsr-label-textarea\" for=\"site-reviews-content-glsr_a6500ae2\"><span>Your review<\/span><\/label>\n    <textarea class=\"glsr-textarea\" id=\"site-reviews-content-glsr_a6500ae2\" name=\"site-reviews[content]\" placeholder=\"Tell people your review\" rows=\"5\" required><\/textarea>\n    <div class=\"glsr-field-error\"><\/div>\n<\/div><div class=\"glsr-field glsr-field-text glsr-required\" data-field=\"name\">\n    <label class=\"glsr-label glsr-label-text\" for=\"site-reviews-name-glsr_a6500ae2\"><span>Your name<\/span><\/label>\n    <input class=\"glsr-input glsr-input-text\" id=\"site-reviews-name-glsr_a6500ae2\" name=\"site-reviews[name]\" type=\"text\" placeholder=\"Tell us your name\" required value=\"\">\n    <div class=\"glsr-field-error\"><\/div>\n<\/div><div class=\"glsr-field glsr-field-email glsr-required\" data-field=\"email\">\n    <label class=\"glsr-label glsr-label-email\" for=\"site-reviews-email-glsr_a6500ae2\"><span>Your email<\/span><\/label>\n    <input class=\"glsr-input glsr-input-email\" id=\"site-reviews-email-glsr_a6500ae2\" name=\"site-reviews[email]\" type=\"email\" placeholder=\"Tell us your email\" required value=\"\">\n    <div class=\"glsr-field-error\"><\/div>\n<\/div><div class=\"glsr-field glsr-field-choice glsr-required\" data-field=\"terms\">\n    \n    <span class=\"glsr-field-toggle\">\n    <span class=\"glsr-toggle\">\n        <label for=\"site-reviews-terms-glsr_a6500ae2-1\">This review is based on my own experience and is my genuine opinion.<\/label>\n        <span class=\"glsr-toggle-switch\">\n            <input class=\"glsr-input-toggle\" id=\"site-reviews-terms-glsr_a6500ae2-1\" name=\"site-reviews[terms]\" type=\"checkbox\" value=\"1\" required> &#8203; <!-- zero-space character used for alignment -->\n            <span class=\"glsr-toggle-track\"><\/span>\n        <\/span>\n    <\/span>\n<\/span>\n    <div class=\"glsr-field-error\"><\/div>\n<\/div>\n        <div class=\"glsr-form-message\">\n    \n<\/div>\n        <div data-field=\"submit-button\">\n    <div class=\"wp-block-button\">\n        <button type=\"submit\" class=\"glsr-button wp-block-button__link\" \n            aria-busy=\"false\"\n            data-loading=\"Submitting, please wait...\" \n        >Submit your review<\/button>\n    <\/div>\n<\/div>\n    <input type=\"hidden\" name=\"trp-form-language\" value=\"ar\"\/><\/form>\n<\/div><\/div>\t\t<\/div>\n\t\t\t\t<\/div>\n\t\t\t\t\t<\/div>\n\t\t<\/div>\n\t\t\t\t\t<\/div>\n\t\t<\/section>\n\t\t\t\t<\/div>","protected":false},"excerpt":{"rendered":"<p data-start=\"382\" data-end=\"454\">La technologie Lazord pour un lissage professionnel, rapide et s\u00e9curis\u00e9.<\/p>","protected":false},"featured_media":11791,"template":"","meta":{"om_disable_all_campaigns":false,"ub_ctt_via":"","_monsterinsights_skip_tracking":false,"_monsterinsights_sitenote_active":false,"_monsterinsights_sitenote_note":"","_monsterinsights_sitenote_category":0,"_uf_show_specific_survey":0,"_uf_disable_surveys":false,"_glsr_average":0,"_glsr_ranking":0,"_glsr_reviews":0},"product_cat":[115],"product_tag":[],"aioseo_notices":[],"yoast_head":"<!-- This site is optimized with the Yoast SEO plugin v21.6 - https:\/\/yoast.com\/wordpress\/plugins\/seo\/ -->\n<title>Box 5 \u2013 Lisseur Thermique Avanc\u00e9 Lazord - Lazord Beauty<\/title>\n<meta name=\"description\" content=\"Box Lazord avec lisseur thermique avanc\u00e9 et accessoires pour un lissage professionnel, rapide et s\u00e9curis\u00e9, adapt\u00e9 \u00e0 tous les types de cheveux.\" \/>\n<meta name=\"robots\" content=\"index, follow, max-snippet:-1, max-image-preview:large, max-video-preview:-1\" \/>\n<link rel=\"canonical\" href=\"https:\/\/lazord-beauty.com\/ar\/produit\/box-5-lisseur-thermique-avance-lazord\/\" \/>\n<meta property=\"og:locale\" content=\"ar_AR\" \/>\n<meta property=\"og:type\" content=\"article\" \/>\n<meta property=\"og:title\" content=\"Box 5 \u2013 Lisseur Thermique Avanc\u00e9 Lazord - Lazord Beauty\" \/>\n<meta property=\"og:description\" content=\"Box Lazord avec lisseur thermique avanc\u00e9 et accessoires pour un lissage professionnel, rapide et s\u00e9curis\u00e9, adapt\u00e9 \u00e0 tous les types de cheveux.\" \/>\n<meta property=\"og:url\" content=\"https:\/\/lazord-beauty.com\/ar\/produit\/box-5-lisseur-thermique-avance-lazord\/\" \/>\n<meta property=\"og:site_name\" content=\"Lazord Beauty\" \/>\n<meta property=\"article:modified_time\" content=\"2026-03-15T19:52:55+00:00\" \/>\n<meta property=\"og:image\" content=\"https:\/\/lazord-beauty.com\/wp-content\/uploads\/2026\/02\/6.png\" \/>\n\t<meta property=\"og:image:width\" content=\"1080\" \/>\n\t<meta property=\"og:image:height\" content=\"1080\" \/>\n\t<meta property=\"og:image:type\" content=\"image\/png\" \/>\n<meta name=\"twitter:card\" content=\"summary_large_image\" \/>\n<script type=\"application\/ld+json\" class=\"yoast-schema-graph\">{\"@context\":\"https:\/\/schema.org\",\"@graph\":[{\"@type\":\"WebPage\",\"@id\":\"https:\/\/lazord-beauty.com\/produit\/box-5-lisseur-thermique-avance-lazord\/\",\"url\":\"https:\/\/lazord-beauty.com\/produit\/box-5-lisseur-thermique-avance-lazord\/\",\"name\":\"Box 5 \u2013 Lisseur Thermique Avanc\u00e9 Lazord - Lazord Beauty\",\"isPartOf\":{\"@id\":\"https:\/\/lazord-beauty.com\/fr\/#website\"},\"datePublished\":\"2026-02-06T11:44:55+00:00\",\"dateModified\":\"2026-03-15T19:52:55+00:00\",\"description\":\"Box Lazord avec lisseur thermique avanc\u00e9 et accessoires pour un lissage professionnel, rapide et s\u00e9curis\u00e9, adapt\u00e9 \u00e0 tous les types de cheveux.\",\"breadcrumb\":{\"@id\":\"https:\/\/lazord-beauty.com\/produit\/box-5-lisseur-thermique-avance-lazord\/#breadcrumb\"},\"inLanguage\":\"ar\",\"potentialAction\":[{\"@type\":\"ReadAction\",\"target\":[\"https:\/\/lazord-beauty.com\/produit\/box-5-lisseur-thermique-avance-lazord\/\"]}]},{\"@type\":\"BreadcrumbList\",\"@id\":\"https:\/\/lazord-beauty.com\/produit\/box-5-lisseur-thermique-avance-lazord\/#breadcrumb\",\"itemListElement\":[{\"@type\":\"ListItem\",\"position\":1,\"name\":\"Accueil\",\"item\":\"https:\/\/lazord-beauty.com\/fr\/\"},{\"@type\":\"ListItem\",\"position\":2,\"name\":\"Boutique\",\"item\":\"https:\/\/lazord-beauty.com\/boutique\/\"},{\"@type\":\"ListItem\",\"position\":3,\"name\":\"Box 5 \u2013 Lisseur Thermique Avanc\u00e9 Lazord\"}]},{\"@type\":\"WebSite\",\"@id\":\"https:\/\/lazord-beauty.com\/fr\/#website\",\"url\":\"https:\/\/lazord-beauty.com\/fr\/\",\"name\":\"Lazord Beauty\",\"description\":\"Soins professionnels des cheveux\",\"publisher\":{\"@id\":\"https:\/\/lazord-beauty.com\/fr\/#organization\"},\"potentialAction\":[{\"@type\":\"SearchAction\",\"target\":{\"@type\":\"EntryPoint\",\"urlTemplate\":\"https:\/\/lazord-beauty.com\/fr\/?s={search_term_string}\"},\"query-input\":\"required name=search_term_string\"}],\"inLanguage\":\"ar\"},{\"@type\":\"Organization\",\"@id\":\"https:\/\/lazord-beauty.com\/fr\/#organization\",\"name\":\"Lazord Beauty\",\"url\":\"https:\/\/lazord-beauty.com\/fr\/\",\"logo\":{\"@type\":\"ImageObject\",\"inLanguage\":\"ar\",\"@id\":\"https:\/\/lazord-beauty.com\/fr\/#\/schema\/logo\/image\/\",\"url\":\"https:\/\/lazord-beauty.com\/wp-content\/uploads\/2022\/04\/cropped-7ae3d6b7-a26b-4536-b4be-a4d4deed593b-removebg-preview-1.png\",\"contentUrl\":\"https:\/\/lazord-beauty.com\/wp-content\/uploads\/2022\/04\/cropped-7ae3d6b7-a26b-4536-b4be-a4d4deed593b-removebg-preview-1.png\",\"width\":202,\"height\":212,\"caption\":\"Lazord Beauty\"},\"image\":{\"@id\":\"https:\/\/lazord-beauty.com\/fr\/#\/schema\/logo\/image\/\"}}]}<\/script>\n<!-- \/ Yoast SEO plugin. -->","yoast_head_json":{"title":"Box 5 \u2013 Lisseur Thermique Avanc\u00e9 Lazord - Lazord Beauty","description":"Box Lazord avec lisseur thermique avanc\u00e9 et accessoires pour un lissage professionnel, rapide et s\u00e9curis\u00e9, adapt\u00e9 \u00e0 tous les types de cheveux.","robots":{"index":"index","follow":"follow","max-snippet":"max-snippet:-1","max-image-preview":"max-image-preview:large","max-video-preview":"max-video-preview:-1"},"canonical":"https:\/\/lazord-beauty.com\/ar\/produit\/box-5-lisseur-thermique-avance-lazord\/","og_locale":"ar_AR","og_type":"article","og_title":"Box 5 \u2013 Lisseur Thermique Avanc\u00e9 Lazord - Lazord Beauty","og_description":"Box Lazord avec lisseur thermique avanc\u00e9 et accessoires pour un lissage professionnel, rapide et s\u00e9curis\u00e9, adapt\u00e9 \u00e0 tous les types de cheveux.","og_url":"https:\/\/lazord-beauty.com\/ar\/produit\/box-5-lisseur-thermique-avance-lazord\/","og_site_name":"Lazord Beauty","article_modified_time":"2026-03-15T19:52:55+00:00","og_image":[{"width":1080,"height":1080,"url":"https:\/\/lazord-beauty.com\/wp-content\/uploads\/2026\/02\/6.png","type":"image\/png"}],"twitter_card":"summary_large_image","schema":{"@context":"https:\/\/schema.org","@graph":[{"@type":"WebPage","@id":"https:\/\/lazord-beauty.com\/produit\/box-5-lisseur-thermique-avance-lazord\/","url":"https:\/\/lazord-beauty.com\/produit\/box-5-lisseur-thermique-avance-lazord\/","name":"Box 5 \u2013 Lisseur Thermique Avanc\u00e9 Lazord - Lazord Beauty","isPartOf":{"@id":"https:\/\/lazord-beauty.com\/fr\/#website"},"datePublished":"2026-02-06T11:44:55+00:00","dateModified":"2026-03-15T19:52:55+00:00","description":"Box Lazord avec lisseur thermique avanc\u00e9 et accessoires pour un lissage professionnel, rapide et s\u00e9curis\u00e9, adapt\u00e9 \u00e0 tous les types de cheveux.","breadcrumb":{"@id":"https:\/\/lazord-beauty.com\/produit\/box-5-lisseur-thermique-avance-lazord\/#breadcrumb"},"inLanguage":"ar","potentialAction":[{"@type":"ReadAction","target":["https:\/\/lazord-beauty.com\/produit\/box-5-lisseur-thermique-avance-lazord\/"]}]},{"@type":"BreadcrumbList","@id":"https:\/\/lazord-beauty.com\/produit\/box-5-lisseur-thermique-avance-lazord\/#breadcrumb","itemListElement":[{"@type":"ListItem","position":1,"name":"Accueil","item":"https:\/\/lazord-beauty.com\/fr\/"},{"@type":"ListItem","position":2,"name":"Boutique","item":"https:\/\/lazord-beauty.com\/boutique\/"},{"@type":"ListItem","position":3,"name":"Box 5 \u2013 Lisseur Thermique Avanc\u00e9 Lazord"}]},{"@type":"WebSite","@id":"https:\/\/lazord-beauty.com\/fr\/#website","url":"https:\/\/lazord-beauty.com\/fr\/","name":"Lazord Beauty","description":"Soins professionnels des cheveux","publisher":{"@id":"https:\/\/lazord-beauty.com\/fr\/#organization"},"potentialAction":[{"@type":"SearchAction","target":{"@type":"EntryPoint","urlTemplate":"https:\/\/lazord-beauty.com\/fr\/?s={search_term_string}"},"query-input":"required name=search_term_string"}],"inLanguage":"ar"},{"@type":"Organization","@id":"https:\/\/lazord-beauty.com\/fr\/#organization","name":"Lazord Beauty","url":"https:\/\/lazord-beauty.com\/fr\/","logo":{"@type":"ImageObject","inLanguage":"ar","@id":"https:\/\/lazord-beauty.com\/fr\/#\/schema\/logo\/image\/","url":"https:\/\/lazord-beauty.com\/wp-content\/uploads\/2022\/04\/cropped-7ae3d6b7-a26b-4536-b4be-a4d4deed593b-removebg-preview-1.png","contentUrl":"https:\/\/lazord-beauty.com\/wp-content\/uploads\/2022\/04\/cropped-7ae3d6b7-a26b-4536-b4be-a4d4deed593b-removebg-preview-1.png","width":202,"height":212,"caption":"Lazord Beauty"},"image":{"@id":"https:\/\/lazord-beauty.com\/fr\/#\/schema\/logo\/image\/"}}]}},"_links":{"self":[{"href":"https:\/\/lazord-beauty.com\/ar\/wp-json\/wp\/v2\/product\/11806"}],"collection":[{"href":"https:\/\/lazord-beauty.com\/ar\/wp-json\/wp\/v2\/product"}],"about":[{"href":"https:\/\/lazord-beauty.com\/ar\/wp-json\/wp\/v2\/types\/product"}],"version-history":[{"count":4,"href":"https:\/\/lazord-beauty.com\/ar\/wp-json\/wp\/v2\/product\/11806\/revisions"}],"predecessor-version":[{"id":12077,"href":"https:\/\/lazord-beauty.com\/ar\/wp-json\/wp\/v2\/product\/11806\/revisions\/12077"}],"wp:featuredmedia":[{"embeddable":true,"href":"https:\/\/lazord-beauty.com\/ar\/wp-json\/wp\/v2\/media\/11791"}],"wp:attachment":[{"href":"https:\/\/lazord-beauty.com\/ar\/wp-json\/wp\/v2\/media?parent=11806"}],"wp:term":[{"taxonomy":"product_cat","embeddable":true,"href":"https:\/\/lazord-beauty.com\/ar\/wp-json\/wp\/v2\/product_cat?post=11806"},{"taxonomy":"product_tag","embeddable":true,"href":"https:\/\/lazord-beauty.com\/ar\/wp-json\/wp\/v2\/product_tag?post=11806"}],"curies":[{"name":"wp","href":"https:\/\/api.w.org\/{rel}","templated":true}]}}