{"id":11802,"date":"2026-02-06T11:33:53","date_gmt":"2026-02-06T11:33:53","guid":{"rendered":"https:\/\/lazord-beauty.com\/?post_type=product&#038;p=11802"},"modified":"2026-03-15T19:53:14","modified_gmt":"2026-03-15T19:53:14","slug":"box-4-eclat-precieux-peau-lazord","status":"publish","type":"product","link":"https:\/\/lazord-beauty.com\/ar\/produit\/box-4-eclat-precieux-peau-lazord\/","title":{"rendered":"Box 4 \u2013 \u00c9clat Pr\u00e9cieux Peau Lazord"},"content":{"rendered":"<div data-elementor-type=\"product-post\" data-elementor-id=\"11802\" class=\"elementor elementor-11802\">\n\t\t\t\t\t\t<section class=\"wd-negative-gap elementor-section elementor-top-section elementor-element elementor-element-20dc5e78 elementor-section-boxed elementor-section-height-default elementor-section-height-default wd-section-disabled\" data-id=\"20dc5e78\" data-element_type=\"section\">\n\t\t\t\t\t\t<div class=\"elementor-container elementor-column-gap-default\">\n\t\t\t\t\t<div class=\"elementor-column elementor-col-100 elementor-top-column elementor-element elementor-element-17521c38\" data-id=\"17521c38\" data-element_type=\"column\">\n\t\t\t<div class=\"elementor-widget-wrap elementor-element-populated\">\n\t\t\t\t\t\t<div class=\"elementor-element elementor-element-ada30de color-scheme-inherit text-left elementor-widget elementor-widget-text-editor\" data-id=\"ada30de\" data-element_type=\"widget\" data-widget_type=\"text-editor.default\">\n\t\t\t\t<div class=\"elementor-widget-container\">\n\t\t\t<style>\/*! elementor - v3.21.0 - 26-05-2024 *\/\n.elementor-widget-text-editor.elementor-drop-cap-view-stacked .elementor-drop-cap{background-color:#69727d;color:#fff}.elementor-widget-text-editor.elementor-drop-cap-view-framed .elementor-drop-cap{color:#69727d;border:3px solid;background-color:transparent}.elementor-widget-text-editor:not(.elementor-drop-cap-view-default) .elementor-drop-cap{margin-top:8px}.elementor-widget-text-editor:not(.elementor-drop-cap-view-default) .elementor-drop-cap-letter{width:1em;height:1em}.elementor-widget-text-editor .elementor-drop-cap{float:left;text-align:center;line-height:1;font-size:50px}.elementor-widget-text-editor .elementor-drop-cap-letter{display:inline-block}<\/style>\t\t\t\t<p data-start=\"629\" data-end=\"852\">La <strong data-start=\"632\" data-end=\"666\">Box \u00c9clat Pr\u00e9cieux Peau Lazord<\/strong> est un coffret de soins naturels pour le visage et le corps, con\u00e7u pour hydrater la peau en profondeur, sublimer son \u00e9clat et offrir une sensation de douceur tout au long de la journ\u00e9e.<\/p>\r\n<p data-start=\"854\" data-end=\"1129\">Les <strong data-start=\"858\" data-end=\"890\">lotions Lazord Gold et Pearl<\/strong> sont formul\u00e9es \u00e0 base d\u2019huiles naturelles et d\u2019extraits de fleurs soigneusement s\u00e9lectionn\u00e9s. Leur texture l\u00e9g\u00e8re p\u00e9n\u00e8tre rapidement dans la peau sans laisser de film gras, tout en apportant une hydratation durable et un confort imm\u00e9diat.<\/p>\r\n<p data-start=\"1131\" data-end=\"1358\">La <strong data-start=\"1134\" data-end=\"1149\">lotion Gold<\/strong> est id\u00e9ale pour celles et ceux qui recherchent une peau lumineuse et \u00e9clatante. Elle apporte une brillance subtile, nourrit la peau et laisse un parfum riche et sensuel qui reste sur la peau toute la journ\u00e9e.<\/p>\r\n<p data-start=\"1360\" data-end=\"1554\">La <strong data-start=\"1363\" data-end=\"1379\">lotion Pearl<\/strong> est sp\u00e9cialement adapt\u00e9e aux peaux s\u00e8ches et d\u00e9shydrat\u00e9es. Elle hydrate intens\u00e9ment, adoucit la peau et aide \u00e0 unifier le teint tout en lui donnant un aspect lisse et soyeux.<\/p>\r\n<p data-start=\"1556\" data-end=\"1707\">Utilis\u00e9es ensemble ou s\u00e9par\u00e9ment selon vos besoins, ces deux lotions offrent un soin complet pour une peau nourrie, \u00e9clatante et d\u00e9licatement parfum\u00e9e.<\/p>\r\n\r\n<h3 data-start=\"1709\" data-end=\"1737\">Conseils d\u2019utilisation :<\/h3>\r\n<p data-start=\"1738\" data-end=\"2122\">Appliquez la lotion Lazord sur une peau propre, id\u00e9alement apr\u00e8s la douche, sur le visage et le corps.<br data-start=\"1840\" data-end=\"1843\" \/>Massez d\u00e9licatement jusqu\u2019\u00e0 absorption compl\u00e8te.<br data-start=\"1891\" data-end=\"1894\" \/>Utilisez la lotion <strong data-start=\"1913\" data-end=\"1921\">Gold<\/strong> pour plus de brillance et un parfum intense, et la lotion <strong data-start=\"1980\" data-end=\"1989\">Pearl<\/strong> pour une hydratation renforc\u00e9e, particuli\u00e8rement sur les zones s\u00e8ches.<br data-start=\"2060\" data-end=\"2063\" \/>\u00c0 utiliser quotidiennement selon les besoins de votre peau.<\/p>\r\n<p data-start=\"2124\" data-end=\"2219\">R\u00e9sultat : <strong data-start=\"2135\" data-end=\"2215\">une peau douce, hydrat\u00e9e, lumineuse et subtilement parfum\u00e9e toute la journ\u00e9e<\/strong> \u2728\ud83d\udc96<\/p>\t\t\t\t\t\t<\/div>\n\t\t\t\t<\/div>\n\t\t\t\t\t<\/div>\n\t\t<\/div>\n\t\t\t\t\t<\/div>\n\t\t<\/section>\n\t\t\t\t<section class=\"wd-negative-gap elementor-section elementor-top-section elementor-element elementor-element-99c8a2f elementor-section-boxed elementor-section-height-default elementor-section-height-default wd-section-disabled\" data-id=\"99c8a2f\" data-element_type=\"section\">\n\t\t\t\t\t\t<div class=\"elementor-container elementor-column-gap-default\">\n\t\t\t\t\t<div class=\"elementor-column elementor-col-100 elementor-top-column elementor-element elementor-element-eb2bf10\" data-id=\"eb2bf10\" data-element_type=\"column\" data-settings=\"{&quot;background_background&quot;:&quot;classic&quot;}\">\n\t\t\t<div class=\"elementor-widget-wrap elementor-element-populated\">\n\t\t\t\t\t\t<div class=\"elementor-element elementor-element-1640db8 elementor-widget elementor-widget-site_reviews_summary\" data-id=\"1640db8\" data-element_type=\"widget\" data-widget_type=\"site_reviews_summary.default\">\n\t\t\t\t<div class=\"elementor-widget-container\">\n\t\t\t<div class=\"glsr glsr-default\" id=\"glsr_949db7a8\" data-from='elementor' data-shortcode='site_reviews_summary' data-assigned_posts='11802' data-hide='[&quot;if_empty&quot;]'><\/div>\t\t<\/div>\n\t\t\t\t<\/div>\n\t\t\t\t<div class=\"elementor-element elementor-element-7031119 elementor-widget elementor-widget-site_reviews\" data-id=\"7031119\" data-element_type=\"widget\" data-widget_type=\"site_reviews.default\">\n\t\t\t\t<div class=\"elementor-widget-container\">\n\t\t\t<div class=\"glsr glsr-default\" id=\"glsr_8931ea1d\" data-from='elementor' data-shortcode='site_reviews' data-assigned_posts='11802' data-display='10'><div class=\"glsr-reviews-wrap\">\n    <div class=\"glsr-reviews\">\n        <p class=\"glsr-no-margins\">There are no reviews yet. Be the first one to write one.<\/p>\n    <\/div>\n    \n<\/div><\/div>\t\t<\/div>\n\t\t\t\t<\/div>\n\t\t\t\t<div class=\"elementor-element elementor-element-a6bb19a elementor-widget elementor-widget-heading\" data-id=\"a6bb19a\" data-element_type=\"widget\" data-widget_type=\"heading.default\">\n\t\t\t\t<div class=\"elementor-widget-container\">\n\t\t\t<style>\/*! elementor - v3.21.0 - 26-05-2024 *\/\n.elementor-heading-title{padding:0;margin:0;line-height:1}.elementor-widget-heading .elementor-heading-title[class*=elementor-size-]>a{color:inherit;font-size:inherit;line-height:inherit}.elementor-widget-heading .elementor-heading-title.elementor-size-small{font-size:15px}.elementor-widget-heading .elementor-heading-title.elementor-size-medium{font-size:19px}.elementor-widget-heading .elementor-heading-title.elementor-size-large{font-size:29px}.elementor-widget-heading .elementor-heading-title.elementor-size-xl{font-size:39px}.elementor-widget-heading .elementor-heading-title.elementor-size-xxl{font-size:59px}<\/style><h2 class=\"elementor-heading-title elementor-size-default\">\u0623\u062e\u0628\u0631\u0646\u0627 \u0628\u0631\u0623\u064a\u0643<\/h2>\t\t<\/div>\n\t\t\t\t<\/div>\n\t\t\t\t<div class=\"elementor-element elementor-element-e75bc5a elementor-widget elementor-widget-site_reviews_form\" data-id=\"e75bc5a\" data-element_type=\"widget\" data-widget_type=\"site_reviews_form.default\">\n\t\t\t\t<div class=\"elementor-widget-container\">\n\t\t\t<div class=\"glsr glsr-default\" id=\"glsr_a6500ae2\" data-from='elementor' data-shortcode='site_reviews_form' data-assigned_posts='11802'><div class=\"glsr-form-wrap\">\n    <form class=\"glsr-review-form glsr-form\" method=\"post\" enctype=\"multipart\/form-data\" action=\"\">\n        <input name=\"site-reviews[_action]\" type=\"hidden\" value=\"submit-review\"><input name=\"site-reviews[_nonce]\" type=\"hidden\" value=\"2a34506be2\"><input name=\"site-reviews[_post_id]\" type=\"hidden\" value=\"11802\"><input name=\"site-reviews[_referer]\" type=\"hidden\" value=\"\/ar\/wp-json\/wp\/v2\/product\/11802\"><input name=\"site-reviews[assigned_posts]\" type=\"hidden\" value=\"11802\"><input name=\"site-reviews[assigned_terms]\" type=\"hidden\" value=\"\"><input name=\"site-reviews[assigned_users]\" type=\"hidden\" value=\"\"><input name=\"site-reviews[excluded]\" type=\"hidden\" value=\"\"><input name=\"site-reviews[form_id]\" type=\"hidden\" value=\"glsr_a6500ae2\"><input name=\"site-reviews[terms_exist]\" type=\"hidden\" value=\"1\"><div class=\"glsr-field\" style=\"display:none;\"><label class=\"glsr-label glsr-label-text\" for=\"site-reviews-3f599941-glsr_a6500ae2\"><span>Your review<\/span><\/label><input class=\"glsr-input glsr-input-text\" id=\"site-reviews-3f599941-glsr_a6500ae2\" name=\"site-reviews[3f599941]\" type=\"text\" value=\"\"><\/div><div class=\"glsr-field glsr-field-rating glsr-required\" data-field=\"rating\">\n    <label class=\"glsr-label glsr-label-rating\" for=\"site-reviews-rating-glsr_a6500ae2\"><span>Your overall rating<\/span><\/label>\n    <select class=\"glsr-select browser-default no_wrap no-wrap\" id=\"site-reviews-rating-glsr_a6500ae2\" name=\"site-reviews[rating]\" required><option selected value=\"\">Select a Rating<\/option><option value=\"5\">5 Stars<\/option><option value=\"4\">4 Stars<\/option><option value=\"3\">3 Stars<\/option><option value=\"2\">2 Stars<\/option><option value=\"1\">1 Star<\/option><\/select>\n    <div class=\"glsr-field-error\"><\/div>\n<\/div><div class=\"glsr-field glsr-field-text glsr-required\" data-field=\"title\">\n    <label class=\"glsr-label glsr-label-text\" for=\"site-reviews-title-glsr_a6500ae2\"><span>Title of your review<\/span><\/label>\n    <input class=\"glsr-input glsr-input-text\" id=\"site-reviews-title-glsr_a6500ae2\" name=\"site-reviews[title]\" type=\"text\" placeholder=\"Summarize your review or highlight an interesting detail\" required value=\"\">\n    <div class=\"glsr-field-error\"><\/div>\n<\/div><div class=\"glsr-field glsr-field-textarea glsr-required\" data-field=\"content\">\n    <label class=\"glsr-label glsr-label-textarea\" for=\"site-reviews-content-glsr_a6500ae2\"><span>Your review<\/span><\/label>\n    <textarea class=\"glsr-textarea\" id=\"site-reviews-content-glsr_a6500ae2\" name=\"site-reviews[content]\" placeholder=\"Tell people your review\" rows=\"5\" required><\/textarea>\n    <div class=\"glsr-field-error\"><\/div>\n<\/div><div class=\"glsr-field glsr-field-text glsr-required\" data-field=\"name\">\n    <label class=\"glsr-label glsr-label-text\" for=\"site-reviews-name-glsr_a6500ae2\"><span>Your name<\/span><\/label>\n    <input class=\"glsr-input glsr-input-text\" id=\"site-reviews-name-glsr_a6500ae2\" name=\"site-reviews[name]\" type=\"text\" placeholder=\"Tell us your name\" required value=\"\">\n    <div class=\"glsr-field-error\"><\/div>\n<\/div><div class=\"glsr-field glsr-field-email glsr-required\" data-field=\"email\">\n    <label class=\"glsr-label glsr-label-email\" for=\"site-reviews-email-glsr_a6500ae2\"><span>Your email<\/span><\/label>\n    <input class=\"glsr-input glsr-input-email\" id=\"site-reviews-email-glsr_a6500ae2\" name=\"site-reviews[email]\" type=\"email\" placeholder=\"Tell us your email\" required value=\"\">\n    <div class=\"glsr-field-error\"><\/div>\n<\/div><div class=\"glsr-field glsr-field-choice glsr-required\" data-field=\"terms\">\n    \n    <span class=\"glsr-field-toggle\">\n    <span class=\"glsr-toggle\">\n        <label for=\"site-reviews-terms-glsr_a6500ae2-1\">This review is based on my own experience and is my genuine opinion.<\/label>\n        <span class=\"glsr-toggle-switch\">\n            <input class=\"glsr-input-toggle\" id=\"site-reviews-terms-glsr_a6500ae2-1\" name=\"site-reviews[terms]\" type=\"checkbox\" value=\"1\" required> &#8203; <!-- zero-space character used for alignment -->\n            <span class=\"glsr-toggle-track\"><\/span>\n        <\/span>\n    <\/span>\n<\/span>\n    <div class=\"glsr-field-error\"><\/div>\n<\/div>\n        <div class=\"glsr-form-message\">\n    \n<\/div>\n        <div data-field=\"submit-button\">\n    <div class=\"wp-block-button\">\n        <button type=\"submit\" class=\"glsr-button wp-block-button__link\" \n            aria-busy=\"false\"\n            data-loading=\"Submitting, please wait...\" \n        >Submit your review<\/button>\n    <\/div>\n<\/div>\n    <input type=\"hidden\" name=\"trp-form-language\" value=\"ar\"\/><\/form>\n<\/div><\/div>\t\t<\/div>\n\t\t\t\t<\/div>\n\t\t\t\t\t<\/div>\n\t\t<\/div>\n\t\t\t\t\t<\/div>\n\t\t<\/section>\n\t\t\t\t<\/div>","protected":false},"excerpt":{"rendered":"<p>Deux lotions Lazord pour une peau hydrat\u00e9e, lumineuse et d\u00e9licatement parfum\u00e9e.<\/p>","protected":false},"featured_media":11787,"template":"","meta":{"om_disable_all_campaigns":false,"ub_ctt_via":"","_monsterinsights_skip_tracking":false,"_monsterinsights_sitenote_active":false,"_monsterinsights_sitenote_note":"","_monsterinsights_sitenote_category":0,"_uf_show_specific_survey":0,"_uf_disable_surveys":false,"_glsr_average":0,"_glsr_ranking":0,"_glsr_reviews":0},"product_cat":[115],"product_tag":[],"aioseo_notices":[],"yoast_head":"<!-- This site is optimized with the Yoast SEO plugin v21.6 - https:\/\/yoast.com\/wordpress\/plugins\/seo\/ -->\n<title>Box 4 \u2013 \u00c9clat Pr\u00e9cieux Peau Lazord - Lazord Beauty<\/title>\n<meta name=\"description\" content=\"Box Lazord soin peau visage et corps avec lotions Gold et Pearl pour hydrater, illuminer la peau et laisser un parfum naturel longue dur\u00e9e.\" \/>\n<meta name=\"robots\" content=\"index, follow, max-snippet:-1, max-image-preview:large, max-video-preview:-1\" \/>\n<link rel=\"canonical\" href=\"https:\/\/lazord-beauty.com\/ar\/produit\/box-4-eclat-precieux-peau-lazord\/\" \/>\n<meta property=\"og:locale\" content=\"ar_AR\" \/>\n<meta property=\"og:type\" content=\"article\" \/>\n<meta property=\"og:title\" content=\"Box 4 \u2013 \u00c9clat Pr\u00e9cieux Peau Lazord - Lazord Beauty\" \/>\n<meta property=\"og:description\" content=\"Box Lazord soin peau visage et corps avec lotions Gold et Pearl pour hydrater, illuminer la peau et laisser un parfum naturel longue dur\u00e9e.\" \/>\n<meta property=\"og:url\" content=\"https:\/\/lazord-beauty.com\/ar\/produit\/box-4-eclat-precieux-peau-lazord\/\" \/>\n<meta property=\"og:site_name\" content=\"Lazord Beauty\" \/>\n<meta property=\"article:modified_time\" content=\"2026-03-15T19:53:14+00:00\" \/>\n<meta property=\"og:image\" content=\"https:\/\/lazord-beauty.com\/wp-content\/uploads\/2026\/02\/1.png\" \/>\n\t<meta property=\"og:image:width\" content=\"1080\" \/>\n\t<meta property=\"og:image:height\" content=\"1080\" \/>\n\t<meta property=\"og:image:type\" content=\"image\/png\" \/>\n<meta name=\"twitter:card\" content=\"summary_large_image\" \/>\n<script type=\"application\/ld+json\" class=\"yoast-schema-graph\">{\"@context\":\"https:\/\/schema.org\",\"@graph\":[{\"@type\":\"WebPage\",\"@id\":\"https:\/\/lazord-beauty.com\/produit\/box-4-eclat-precieux-peau-lazord\/\",\"url\":\"https:\/\/lazord-beauty.com\/produit\/box-4-eclat-precieux-peau-lazord\/\",\"name\":\"Box 4 \u2013 \u00c9clat Pr\u00e9cieux Peau Lazord - Lazord Beauty\",\"isPartOf\":{\"@id\":\"https:\/\/lazord-beauty.com\/fr\/#website\"},\"datePublished\":\"2026-02-06T11:33:53+00:00\",\"dateModified\":\"2026-03-15T19:53:14+00:00\",\"description\":\"Box Lazord soin peau visage et corps avec lotions Gold et Pearl pour hydrater, illuminer la peau et laisser un parfum naturel longue dur\u00e9e.\",\"breadcrumb\":{\"@id\":\"https:\/\/lazord-beauty.com\/produit\/box-4-eclat-precieux-peau-lazord\/#breadcrumb\"},\"inLanguage\":\"ar\",\"potentialAction\":[{\"@type\":\"ReadAction\",\"target\":[\"https:\/\/lazord-beauty.com\/produit\/box-4-eclat-precieux-peau-lazord\/\"]}]},{\"@type\":\"BreadcrumbList\",\"@id\":\"https:\/\/lazord-beauty.com\/produit\/box-4-eclat-precieux-peau-lazord\/#breadcrumb\",\"itemListElement\":[{\"@type\":\"ListItem\",\"position\":1,\"name\":\"Accueil\",\"item\":\"https:\/\/lazord-beauty.com\/fr\/\"},{\"@type\":\"ListItem\",\"position\":2,\"name\":\"Boutique\",\"item\":\"https:\/\/lazord-beauty.com\/boutique\/\"},{\"@type\":\"ListItem\",\"position\":3,\"name\":\"Box 4 \u2013 \u00c9clat Pr\u00e9cieux Peau Lazord\"}]},{\"@type\":\"WebSite\",\"@id\":\"https:\/\/lazord-beauty.com\/fr\/#website\",\"url\":\"https:\/\/lazord-beauty.com\/fr\/\",\"name\":\"Lazord Beauty\",\"description\":\"Soins professionnels des cheveux\",\"publisher\":{\"@id\":\"https:\/\/lazord-beauty.com\/fr\/#organization\"},\"potentialAction\":[{\"@type\":\"SearchAction\",\"target\":{\"@type\":\"EntryPoint\",\"urlTemplate\":\"https:\/\/lazord-beauty.com\/fr\/?s={search_term_string}\"},\"query-input\":\"required name=search_term_string\"}],\"inLanguage\":\"ar\"},{\"@type\":\"Organization\",\"@id\":\"https:\/\/lazord-beauty.com\/fr\/#organization\",\"name\":\"Lazord Beauty\",\"url\":\"https:\/\/lazord-beauty.com\/fr\/\",\"logo\":{\"@type\":\"ImageObject\",\"inLanguage\":\"ar\",\"@id\":\"https:\/\/lazord-beauty.com\/fr\/#\/schema\/logo\/image\/\",\"url\":\"https:\/\/lazord-beauty.com\/wp-content\/uploads\/2022\/04\/cropped-7ae3d6b7-a26b-4536-b4be-a4d4deed593b-removebg-preview-1.png\",\"contentUrl\":\"https:\/\/lazord-beauty.com\/wp-content\/uploads\/2022\/04\/cropped-7ae3d6b7-a26b-4536-b4be-a4d4deed593b-removebg-preview-1.png\",\"width\":202,\"height\":212,\"caption\":\"Lazord Beauty\"},\"image\":{\"@id\":\"https:\/\/lazord-beauty.com\/fr\/#\/schema\/logo\/image\/\"}}]}<\/script>\n<!-- \/ Yoast SEO plugin. -->","yoast_head_json":{"title":"Box 4 \u2013 \u00c9clat Pr\u00e9cieux Peau Lazord - Lazord Beauty","description":"Box Lazord soin peau visage et corps avec lotions Gold et Pearl pour hydrater, illuminer la peau et laisser un parfum naturel longue dur\u00e9e.","robots":{"index":"index","follow":"follow","max-snippet":"max-snippet:-1","max-image-preview":"max-image-preview:large","max-video-preview":"max-video-preview:-1"},"canonical":"https:\/\/lazord-beauty.com\/ar\/produit\/box-4-eclat-precieux-peau-lazord\/","og_locale":"ar_AR","og_type":"article","og_title":"Box 4 \u2013 \u00c9clat Pr\u00e9cieux Peau Lazord - Lazord Beauty","og_description":"Box Lazord soin peau visage et corps avec lotions Gold et Pearl pour hydrater, illuminer la peau et laisser un parfum naturel longue dur\u00e9e.","og_url":"https:\/\/lazord-beauty.com\/ar\/produit\/box-4-eclat-precieux-peau-lazord\/","og_site_name":"Lazord Beauty","article_modified_time":"2026-03-15T19:53:14+00:00","og_image":[{"width":1080,"height":1080,"url":"https:\/\/lazord-beauty.com\/wp-content\/uploads\/2026\/02\/1.png","type":"image\/png"}],"twitter_card":"summary_large_image","schema":{"@context":"https:\/\/schema.org","@graph":[{"@type":"WebPage","@id":"https:\/\/lazord-beauty.com\/produit\/box-4-eclat-precieux-peau-lazord\/","url":"https:\/\/lazord-beauty.com\/produit\/box-4-eclat-precieux-peau-lazord\/","name":"Box 4 \u2013 \u00c9clat Pr\u00e9cieux Peau Lazord - Lazord Beauty","isPartOf":{"@id":"https:\/\/lazord-beauty.com\/fr\/#website"},"datePublished":"2026-02-06T11:33:53+00:00","dateModified":"2026-03-15T19:53:14+00:00","description":"Box Lazord soin peau visage et corps avec lotions Gold et Pearl pour hydrater, illuminer la peau et laisser un parfum naturel longue dur\u00e9e.","breadcrumb":{"@id":"https:\/\/lazord-beauty.com\/produit\/box-4-eclat-precieux-peau-lazord\/#breadcrumb"},"inLanguage":"ar","potentialAction":[{"@type":"ReadAction","target":["https:\/\/lazord-beauty.com\/produit\/box-4-eclat-precieux-peau-lazord\/"]}]},{"@type":"BreadcrumbList","@id":"https:\/\/lazord-beauty.com\/produit\/box-4-eclat-precieux-peau-lazord\/#breadcrumb","itemListElement":[{"@type":"ListItem","position":1,"name":"Accueil","item":"https:\/\/lazord-beauty.com\/fr\/"},{"@type":"ListItem","position":2,"name":"Boutique","item":"https:\/\/lazord-beauty.com\/boutique\/"},{"@type":"ListItem","position":3,"name":"Box 4 \u2013 \u00c9clat Pr\u00e9cieux Peau Lazord"}]},{"@type":"WebSite","@id":"https:\/\/lazord-beauty.com\/fr\/#website","url":"https:\/\/lazord-beauty.com\/fr\/","name":"Lazord Beauty","description":"Soins professionnels des cheveux","publisher":{"@id":"https:\/\/lazord-beauty.com\/fr\/#organization"},"potentialAction":[{"@type":"SearchAction","target":{"@type":"EntryPoint","urlTemplate":"https:\/\/lazord-beauty.com\/fr\/?s={search_term_string}"},"query-input":"required name=search_term_string"}],"inLanguage":"ar"},{"@type":"Organization","@id":"https:\/\/lazord-beauty.com\/fr\/#organization","name":"Lazord Beauty","url":"https:\/\/lazord-beauty.com\/fr\/","logo":{"@type":"ImageObject","inLanguage":"ar","@id":"https:\/\/lazord-beauty.com\/fr\/#\/schema\/logo\/image\/","url":"https:\/\/lazord-beauty.com\/wp-content\/uploads\/2022\/04\/cropped-7ae3d6b7-a26b-4536-b4be-a4d4deed593b-removebg-preview-1.png","contentUrl":"https:\/\/lazord-beauty.com\/wp-content\/uploads\/2022\/04\/cropped-7ae3d6b7-a26b-4536-b4be-a4d4deed593b-removebg-preview-1.png","width":202,"height":212,"caption":"Lazord Beauty"},"image":{"@id":"https:\/\/lazord-beauty.com\/fr\/#\/schema\/logo\/image\/"}}]}},"_links":{"self":[{"href":"https:\/\/lazord-beauty.com\/ar\/wp-json\/wp\/v2\/product\/11802"}],"collection":[{"href":"https:\/\/lazord-beauty.com\/ar\/wp-json\/wp\/v2\/product"}],"about":[{"href":"https:\/\/lazord-beauty.com\/ar\/wp-json\/wp\/v2\/types\/product"}],"version-history":[{"count":5,"href":"https:\/\/lazord-beauty.com\/ar\/wp-json\/wp\/v2\/product\/11802\/revisions"}],"predecessor-version":[{"id":12080,"href":"https:\/\/lazord-beauty.com\/ar\/wp-json\/wp\/v2\/product\/11802\/revisions\/12080"}],"wp:featuredmedia":[{"embeddable":true,"href":"https:\/\/lazord-beauty.com\/ar\/wp-json\/wp\/v2\/media\/11787"}],"wp:attachment":[{"href":"https:\/\/lazord-beauty.com\/ar\/wp-json\/wp\/v2\/media?parent=11802"}],"wp:term":[{"taxonomy":"product_cat","embeddable":true,"href":"https:\/\/lazord-beauty.com\/ar\/wp-json\/wp\/v2\/product_cat?post=11802"},{"taxonomy":"product_tag","embeddable":true,"href":"https:\/\/lazord-beauty.com\/ar\/wp-json\/wp\/v2\/product_tag?post=11802"}],"curies":[{"name":"wp","href":"https:\/\/api.w.org\/{rel}","templated":true}]}}