{"id":11149,"date":"2025-02-04T09:34:00","date_gmt":"2025-02-04T09:34:00","guid":{"rendered":"https:\/\/lazord-beauty.com\/?post_type=product&#038;p=11149"},"modified":"2026-03-15T19:53:52","modified_gmt":"2026-03-15T19:53:52","slug":"box-3-special-boucles-love-lazord-ht","status":"publish","type":"product","link":"https:\/\/lazord-beauty.com\/ar\/produit\/box-3-special-boucles-love-lazord-ht\/","title":{"rendered":"Box 3 \u2013 Sp\u00e9cial Boucles Love Lazord"},"content":{"rendered":"<div data-elementor-type=\"product-post\" data-elementor-id=\"11149\" class=\"elementor elementor-11149\">\n\t\t\t\t\t\t<section class=\"wd-negative-gap elementor-section elementor-top-section elementor-element elementor-element-4e9e718 elementor-section-boxed elementor-section-height-default elementor-section-height-default wd-section-disabled\" data-id=\"4e9e718\" data-element_type=\"section\">\n\t\t\t\t\t\t<div class=\"elementor-container elementor-column-gap-default\">\n\t\t\t\t\t<div class=\"elementor-column elementor-col-100 elementor-top-column elementor-element elementor-element-0fd81e1\" data-id=\"0fd81e1\" data-element_type=\"column\">\n\t\t\t<div class=\"elementor-widget-wrap elementor-element-populated\">\n\t\t\t\t\t\t<div class=\"elementor-element elementor-element-7de78a4 elementor-widget elementor-widget-wd_text_block\" data-id=\"7de78a4\" data-element_type=\"widget\" data-widget_type=\"wd_text_block.default\">\n\t\t\t\t<div class=\"elementor-widget-container\">\n\t\t\t\t\t<div class=\"wd-text-block reset-last-child text-left\">\n\t\t\t\n\t\t\t<p data-start=\"318\" data-end=\"608\">La <strong data-start=\"321\" data-end=\"356\">Box Sp\u00e9cial Boucles Love Lazord<\/strong> a \u00e9t\u00e9 sp\u00e9cialement con\u00e7ue pour r\u00e9pondre aux besoins des cheveux boucl\u00e9s, ondul\u00e9s et curly. Elle associe des soins compl\u00e9mentaires qui travaillent ensemble pour nettoyer en douceur, hydrater intens\u00e9ment et pr\u00e9server la d\u00e9finition naturelle des boucles.<\/p><p data-start=\"610\" data-end=\"882\">Le <strong data-start=\"613\" data-end=\"646\">shampoing sans sulfate Lazord<\/strong> nettoie le cuir chevelu et les cheveux en douceur, sans agresser ni dess\u00e9cher la fibre capillaire. Il aide \u00e0 \u00e9liminer les impuret\u00e9s tout en respectant l\u2019hydratation naturelle des cheveux boucl\u00e9s, souvent plus sensibles \u00e0 la s\u00e9cheresse.<\/p><p data-start=\"884\" data-end=\"1195\">Le <strong data-start=\"887\" data-end=\"928\">leave-in activateur de boucles Lazord<\/strong> est l\u2019\u00e9tape cl\u00e9 de la routine. Appliqu\u00e9 sur cheveux mouill\u00e9s ou l\u00e9g\u00e8rement humides, il hydrate en profondeur, d\u00e9finit les boucles et r\u00e9duit les frisottis. Sa formule l\u00e9g\u00e8re permet de garder des boucles souples, rebondies et bien dessin\u00e9es, sans alourdir les cheveux.<\/p><p data-start=\"1197\" data-end=\"1437\">Utilis\u00e9s ensemble, ces deux produits permettent de <strong data-start=\"1248\" data-end=\"1282\">renforcer la tenue des boucles<\/strong>, de les prot\u00e9ger contre les agressions ext\u00e9rieures comme le vent, le soleil et l\u2019humidit\u00e9, et de maintenir un r\u00e9sultat naturel tout au long de la journ\u00e9e.<\/p><h3 data-start=\"1439\" data-end=\"1467\">Conseils d\u2019utilisation :<\/h3><p data-start=\"1468\" data-end=\"2021\">Commencez par laver les cheveux avec le shampoing sans sulfate Lazord, puis rincez soigneusement.<br data-start=\"1565\" data-end=\"1568\" \/>Sur cheveux propres et mouill\u00e9s, appliquez une quantit\u00e9 adapt\u00e9e du leave-in activateur de boucles sur les longueurs et les pointes, sans rincer.<br data-start=\"1712\" data-end=\"1715\" \/>Selon votre type de cheveux, vous pouvez utiliser une machine ou un diffuseur sp\u00e9cial boucles pour intensifier la d\u00e9finition.<br data-start=\"1840\" data-end=\"1843\" \/>Si vos cheveux sont naturellement curly, cette routine aide \u00e0 maintenir la forme des boucles, leur \u00e9lasticit\u00e9 et leur brillance tout en les prot\u00e9geant des agressions ext\u00e9rieures.<\/p><p><span style=\"font-size: 14px;\">R\u00e9sultat : <\/span><strong style=\"font-size: 14px;\" data-start=\"2034\" data-end=\"2103\">des boucles d\u00e9finies, hydrat\u00e9es, prot\u00e9g\u00e9es et pleines de vitalit\u00e9<\/strong><span style=\"font-size: 14px;\"> \ud83d\udc97<\/span><\/p>\n\t\t\t\t\t<\/div>\n\t\t\t\t<\/div>\n\t\t\t\t<\/div>\n\t\t\t\t\t<\/div>\n\t\t<\/div>\n\t\t\t\t\t<\/div>\n\t\t<\/section>\n\t\t\t\t<section class=\"wd-negative-gap elementor-section elementor-top-section elementor-element elementor-element-b4f6a53 elementor-section-boxed elementor-section-height-default elementor-section-height-default wd-section-disabled\" data-id=\"b4f6a53\" data-element_type=\"section\">\n\t\t\t\t\t\t<div class=\"elementor-container elementor-column-gap-default\">\n\t\t\t\t\t<div class=\"elementor-column elementor-col-100 elementor-top-column elementor-element elementor-element-cc90e75\" data-id=\"cc90e75\" data-element_type=\"column\">\n\t\t\t<div class=\"elementor-widget-wrap elementor-element-populated\">\n\t\t\t\t\t\t<div class=\"elementor-element elementor-element-50b558f elementor-widget elementor-widget-image\" data-id=\"50b558f\" data-element_type=\"widget\" data-widget_type=\"image.default\">\n\t\t\t\t<div class=\"elementor-widget-container\">\n\t\t\t<style>\/*! elementor - v3.21.0 - 26-05-2024 *\/\n.elementor-widget-image{text-align:center}.elementor-widget-image a{display:inline-block}.elementor-widget-image a img[src$=\".svg\"]{width:48px}.elementor-widget-image img{vertical-align:middle;display:inline-block}<\/style>\t\t\t\t\t\t\t\t\t\t<img fetchpriority=\"high\" decoding=\"async\" width=\"800\" height=\"800\" src=\"https:\/\/lazord-beauty.com\/wp-content\/uploads\/2025\/11\/English-2-2-800x800.png\" class=\"attachment-large size-large wp-image-11630\" alt=\"\" srcset=\"https:\/\/lazord-beauty.com\/wp-content\/uploads\/2025\/11\/English-2-2-800x800.png 800w, https:\/\/lazord-beauty.com\/wp-content\/uploads\/2025\/11\/English-2-2-300x300.png 300w, https:\/\/lazord-beauty.com\/wp-content\/uploads\/2025\/11\/English-2-2-150x150.png 150w, https:\/\/lazord-beauty.com\/wp-content\/uploads\/2025\/11\/English-2-2-768x768.png 768w, https:\/\/lazord-beauty.com\/wp-content\/uploads\/2025\/11\/English-2-2-12x12.png 12w, https:\/\/lazord-beauty.com\/wp-content\/uploads\/2025\/11\/English-2-2-860x860.png 860w, https:\/\/lazord-beauty.com\/wp-content\/uploads\/2025\/11\/English-2-2-430x430.png 430w, https:\/\/lazord-beauty.com\/wp-content\/uploads\/2025\/11\/English-2-2-700x700.png 700w, https:\/\/lazord-beauty.com\/wp-content\/uploads\/2025\/11\/English-2-2.png 1080w\" sizes=\"(max-width: 800px) 100vw, 800px\" \/>\t\t\t\t\t\t\t\t\t\t\t\t\t<\/div>\n\t\t\t\t<\/div>\n\t\t\t\t\t<\/div>\n\t\t<\/div>\n\t\t\t\t\t<\/div>\n\t\t<\/section>\n\t\t\t\t<section class=\"wd-negative-gap elementor-section elementor-top-section elementor-element elementor-element-fe89542 elementor-section-boxed elementor-section-height-default elementor-section-height-default wd-section-disabled\" data-id=\"fe89542\" data-element_type=\"section\">\n\t\t\t\t\t\t<div class=\"elementor-container elementor-column-gap-default\">\n\t\t\t\t\t<div class=\"elementor-column elementor-col-100 elementor-top-column elementor-element elementor-element-2dbd40f\" data-id=\"2dbd40f\" data-element_type=\"column\" data-settings=\"{&quot;background_background&quot;:&quot;classic&quot;}\">\n\t\t\t<div class=\"elementor-widget-wrap elementor-element-populated\">\n\t\t\t\t\t\t<div class=\"elementor-element elementor-element-84eb6e8 elementor-widget elementor-widget-site_reviews_summary\" data-id=\"84eb6e8\" data-element_type=\"widget\" data-widget_type=\"site_reviews_summary.default\">\n\t\t\t\t<div class=\"elementor-widget-container\">\n\t\t\t<div class=\"glsr glsr-default\" id=\"glsr_949db7a8\" data-from='elementor' data-shortcode='site_reviews_summary' data-assigned_posts='11149' data-hide='[&quot;if_empty&quot;]'><\/div>\t\t<\/div>\n\t\t\t\t<\/div>\n\t\t\t\t<div class=\"elementor-element elementor-element-30e7242 elementor-widget elementor-widget-site_reviews\" data-id=\"30e7242\" data-element_type=\"widget\" data-widget_type=\"site_reviews.default\">\n\t\t\t\t<div class=\"elementor-widget-container\">\n\t\t\t<div class=\"glsr glsr-default\" id=\"glsr_8931ea1d\" data-from='elementor' data-shortcode='site_reviews' data-assigned_posts='11149' data-display='10'><div class=\"glsr-reviews-wrap\">\n    <div class=\"glsr-reviews\">\n        <p class=\"glsr-no-margins\">There are no reviews yet. Be the first one to write one.<\/p>\n    <\/div>\n    \n<\/div><\/div>\t\t<\/div>\n\t\t\t\t<\/div>\n\t\t\t\t<div class=\"elementor-element elementor-element-9059a93 elementor-widget elementor-widget-heading\" data-id=\"9059a93\" data-element_type=\"widget\" data-widget_type=\"heading.default\">\n\t\t\t\t<div class=\"elementor-widget-container\">\n\t\t\t<style>\/*! elementor - v3.21.0 - 26-05-2024 *\/\n.elementor-heading-title{padding:0;margin:0;line-height:1}.elementor-widget-heading .elementor-heading-title[class*=elementor-size-]>a{color:inherit;font-size:inherit;line-height:inherit}.elementor-widget-heading .elementor-heading-title.elementor-size-small{font-size:15px}.elementor-widget-heading .elementor-heading-title.elementor-size-medium{font-size:19px}.elementor-widget-heading .elementor-heading-title.elementor-size-large{font-size:29px}.elementor-widget-heading .elementor-heading-title.elementor-size-xl{font-size:39px}.elementor-widget-heading .elementor-heading-title.elementor-size-xxl{font-size:59px}<\/style><h2 class=\"elementor-heading-title elementor-size-default\">\u0623\u062e\u0628\u0631\u0646\u0627 \u0628\u0631\u0623\u064a\u0643<\/h2>\t\t<\/div>\n\t\t\t\t<\/div>\n\t\t\t\t<div class=\"elementor-element elementor-element-13a1825 elementor-widget elementor-widget-site_reviews_form\" data-id=\"13a1825\" data-element_type=\"widget\" data-widget_type=\"site_reviews_form.default\">\n\t\t\t\t<div class=\"elementor-widget-container\">\n\t\t\t<div class=\"glsr glsr-default\" id=\"glsr_a6500ae2\" data-from='elementor' data-shortcode='site_reviews_form' data-assigned_posts='11149'><div class=\"glsr-form-wrap\">\n    <form class=\"glsr-review-form glsr-form\" method=\"post\" enctype=\"multipart\/form-data\" action=\"\">\n        <input name=\"site-reviews[_action]\" type=\"hidden\" value=\"submit-review\"><input name=\"site-reviews[_nonce]\" type=\"hidden\" value=\"2a34506be2\"><input name=\"site-reviews[_post_id]\" type=\"hidden\" value=\"11149\"><input name=\"site-reviews[_referer]\" type=\"hidden\" value=\"\/ar\/wp-json\/wp\/v2\/product\/11149\"><input name=\"site-reviews[assigned_posts]\" type=\"hidden\" value=\"11149\"><input name=\"site-reviews[assigned_terms]\" type=\"hidden\" value=\"\"><input name=\"site-reviews[assigned_users]\" type=\"hidden\" value=\"\"><input name=\"site-reviews[excluded]\" type=\"hidden\" value=\"\"><input name=\"site-reviews[form_id]\" type=\"hidden\" value=\"glsr_a6500ae2\"><input name=\"site-reviews[terms_exist]\" type=\"hidden\" value=\"1\"><div class=\"glsr-field\" style=\"display:none;\"><label class=\"glsr-label glsr-label-text\" for=\"site-reviews-3f599941-glsr_a6500ae2\"><span>Your review<\/span><\/label><input class=\"glsr-input glsr-input-text\" id=\"site-reviews-3f599941-glsr_a6500ae2\" name=\"site-reviews[3f599941]\" type=\"text\" value=\"\"><\/div><div class=\"glsr-field glsr-field-rating glsr-required\" data-field=\"rating\">\n    <label class=\"glsr-label glsr-label-rating\" for=\"site-reviews-rating-glsr_a6500ae2\"><span>Your overall rating<\/span><\/label>\n    <select class=\"glsr-select browser-default no_wrap no-wrap\" id=\"site-reviews-rating-glsr_a6500ae2\" name=\"site-reviews[rating]\" required><option selected value=\"\">Select a Rating<\/option><option value=\"5\">5 Stars<\/option><option value=\"4\">4 Stars<\/option><option value=\"3\">3 Stars<\/option><option value=\"2\">2 Stars<\/option><option value=\"1\">1 Star<\/option><\/select>\n    <div class=\"glsr-field-error\"><\/div>\n<\/div><div class=\"glsr-field glsr-field-text glsr-required\" data-field=\"title\">\n    <label class=\"glsr-label glsr-label-text\" for=\"site-reviews-title-glsr_a6500ae2\"><span>Title of your review<\/span><\/label>\n    <input class=\"glsr-input glsr-input-text\" id=\"site-reviews-title-glsr_a6500ae2\" name=\"site-reviews[title]\" type=\"text\" placeholder=\"Summarize your review or highlight an interesting detail\" required value=\"\">\n    <div class=\"glsr-field-error\"><\/div>\n<\/div><div class=\"glsr-field glsr-field-textarea glsr-required\" data-field=\"content\">\n    <label class=\"glsr-label glsr-label-textarea\" for=\"site-reviews-content-glsr_a6500ae2\"><span>Your review<\/span><\/label>\n    <textarea class=\"glsr-textarea\" id=\"site-reviews-content-glsr_a6500ae2\" name=\"site-reviews[content]\" placeholder=\"Tell people your review\" rows=\"5\" required><\/textarea>\n    <div class=\"glsr-field-error\"><\/div>\n<\/div><div class=\"glsr-field glsr-field-text glsr-required\" data-field=\"name\">\n    <label class=\"glsr-label glsr-label-text\" for=\"site-reviews-name-glsr_a6500ae2\"><span>Your name<\/span><\/label>\n    <input class=\"glsr-input glsr-input-text\" id=\"site-reviews-name-glsr_a6500ae2\" name=\"site-reviews[name]\" type=\"text\" placeholder=\"Tell us your name\" required value=\"\">\n    <div class=\"glsr-field-error\"><\/div>\n<\/div><div class=\"glsr-field glsr-field-email glsr-required\" data-field=\"email\">\n    <label class=\"glsr-label glsr-label-email\" for=\"site-reviews-email-glsr_a6500ae2\"><span>Your email<\/span><\/label>\n    <input class=\"glsr-input glsr-input-email\" id=\"site-reviews-email-glsr_a6500ae2\" name=\"site-reviews[email]\" type=\"email\" placeholder=\"Tell us your email\" required value=\"\">\n    <div class=\"glsr-field-error\"><\/div>\n<\/div><div class=\"glsr-field glsr-field-choice glsr-required\" data-field=\"terms\">\n    \n    <span class=\"glsr-field-toggle\">\n    <span class=\"glsr-toggle\">\n        <label for=\"site-reviews-terms-glsr_a6500ae2-1\">This review is based on my own experience and is my genuine opinion.<\/label>\n        <span class=\"glsr-toggle-switch\">\n            <input class=\"glsr-input-toggle\" id=\"site-reviews-terms-glsr_a6500ae2-1\" name=\"site-reviews[terms]\" type=\"checkbox\" value=\"1\" required> &#8203; <!-- zero-space character used for alignment -->\n            <span class=\"glsr-toggle-track\"><\/span>\n        <\/span>\n    <\/span>\n<\/span>\n    <div class=\"glsr-field-error\"><\/div>\n<\/div>\n        <div class=\"glsr-form-message\">\n    \n<\/div>\n        <div data-field=\"submit-button\">\n    <div class=\"wp-block-button\">\n        <button type=\"submit\" class=\"glsr-button wp-block-button__link\" \n            aria-busy=\"false\"\n            data-loading=\"Submitting, please wait...\" \n        >Submit your review<\/button>\n    <\/div>\n<\/div>\n    <input type=\"hidden\" name=\"trp-form-language\" value=\"ar\"\/><\/form>\n<\/div><\/div>\t\t<\/div>\n\t\t\t\t<\/div>\n\t\t\t\t\t<\/div>\n\t\t<\/div>\n\t\t\t\t\t<\/div>\n\t\t<\/section>\n\t\t\t\t<\/div>","protected":false},"excerpt":{"rendered":"<p>La routine Lazord qui r\u00e9v\u00e8le la beaut\u00e9 naturelle des cheveux boucl\u00e9s.<br \/>\nSp\u00e9cialement con\u00e7ue pour les cheveux curly, cette box Lazord nettoie, hydrate et d\u00e9finit les boucles.<\/p>","protected":false},"featured_media":11788,"template":"","meta":{"om_disable_all_campaigns":false,"ub_ctt_via":"","_monsterinsights_skip_tracking":false,"_monsterinsights_sitenote_active":false,"_monsterinsights_sitenote_note":"","_monsterinsights_sitenote_category":0,"_uf_show_specific_survey":0,"_uf_disable_surveys":false,"_glsr_average":0,"_glsr_ranking":0,"_glsr_reviews":0},"product_cat":[115],"product_tag":[],"aioseo_notices":[],"yoast_head":"<!-- This site is optimized with the Yoast SEO plugin v21.6 - https:\/\/yoast.com\/wordpress\/plugins\/seo\/ -->\n<title>Box 3 \u2013 Sp\u00e9cial Boucles Love Lazord - Lazord Beauty<\/title>\n<meta name=\"description\" content=\"Box Lazord sp\u00e9ciale cheveux boucl\u00e9s avec shampoing sans sulfate et leave-in activateur de boucles pour hydrater, d\u00e9finir et r\u00e9duire les frisottis.\" \/>\n<meta name=\"robots\" content=\"index, follow, max-snippet:-1, max-image-preview:large, max-video-preview:-1\" \/>\n<link rel=\"canonical\" href=\"https:\/\/lazord-beauty.com\/ar\/produit\/box-3-special-boucles-love-lazord-ht\/\" \/>\n<meta property=\"og:locale\" content=\"ar_AR\" \/>\n<meta property=\"og:type\" content=\"article\" \/>\n<meta property=\"og:title\" content=\"Box 3 \u2013 Sp\u00e9cial Boucles Love Lazord - Lazord Beauty\" \/>\n<meta property=\"og:description\" content=\"Box Lazord sp\u00e9ciale cheveux boucl\u00e9s avec shampoing sans sulfate et leave-in activateur de boucles pour hydrater, d\u00e9finir et r\u00e9duire les frisottis.\" \/>\n<meta property=\"og:url\" content=\"https:\/\/lazord-beauty.com\/ar\/produit\/box-3-special-boucles-love-lazord-ht\/\" \/>\n<meta property=\"og:site_name\" content=\"Lazord Beauty\" \/>\n<meta property=\"article:modified_time\" content=\"2026-03-15T19:53:52+00:00\" \/>\n<meta property=\"og:image\" content=\"https:\/\/lazord-beauty.com\/wp-content\/uploads\/2026\/02\/2.png\" \/>\n\t<meta property=\"og:image:width\" content=\"1080\" \/>\n\t<meta property=\"og:image:height\" content=\"1080\" \/>\n\t<meta property=\"og:image:type\" content=\"image\/png\" \/>\n<meta name=\"twitter:card\" content=\"summary_large_image\" \/>\n<script type=\"application\/ld+json\" class=\"yoast-schema-graph\">{\"@context\":\"https:\/\/schema.org\",\"@graph\":[{\"@type\":\"WebPage\",\"@id\":\"https:\/\/lazord-beauty.com\/produit\/box-3-special-boucles-love-lazord-ht\/\",\"url\":\"https:\/\/lazord-beauty.com\/produit\/box-3-special-boucles-love-lazord-ht\/\",\"name\":\"Box 3 \u2013 Sp\u00e9cial Boucles Love Lazord - Lazord Beauty\",\"isPartOf\":{\"@id\":\"https:\/\/lazord-beauty.com\/fr\/#website\"},\"datePublished\":\"2025-02-04T09:34:00+00:00\",\"dateModified\":\"2026-03-15T19:53:52+00:00\",\"description\":\"Box Lazord sp\u00e9ciale cheveux boucl\u00e9s avec shampoing sans sulfate et leave-in activateur de boucles pour hydrater, d\u00e9finir et r\u00e9duire les frisottis.\",\"breadcrumb\":{\"@id\":\"https:\/\/lazord-beauty.com\/produit\/box-3-special-boucles-love-lazord-ht\/#breadcrumb\"},\"inLanguage\":\"ar\",\"potentialAction\":[{\"@type\":\"ReadAction\",\"target\":[\"https:\/\/lazord-beauty.com\/produit\/box-3-special-boucles-love-lazord-ht\/\"]}]},{\"@type\":\"BreadcrumbList\",\"@id\":\"https:\/\/lazord-beauty.com\/produit\/box-3-special-boucles-love-lazord-ht\/#breadcrumb\",\"itemListElement\":[{\"@type\":\"ListItem\",\"position\":1,\"name\":\"Accueil\",\"item\":\"https:\/\/lazord-beauty.com\/fr\/\"},{\"@type\":\"ListItem\",\"position\":2,\"name\":\"Boutique\",\"item\":\"https:\/\/lazord-beauty.com\/boutique\/\"},{\"@type\":\"ListItem\",\"position\":3,\"name\":\"Box 3 \u2013 Sp\u00e9cial Boucles Love Lazord\"}]},{\"@type\":\"WebSite\",\"@id\":\"https:\/\/lazord-beauty.com\/fr\/#website\",\"url\":\"https:\/\/lazord-beauty.com\/fr\/\",\"name\":\"Lazord Beauty\",\"description\":\"Soins professionnels des cheveux\",\"publisher\":{\"@id\":\"https:\/\/lazord-beauty.com\/fr\/#organization\"},\"potentialAction\":[{\"@type\":\"SearchAction\",\"target\":{\"@type\":\"EntryPoint\",\"urlTemplate\":\"https:\/\/lazord-beauty.com\/fr\/?s={search_term_string}\"},\"query-input\":\"required name=search_term_string\"}],\"inLanguage\":\"ar\"},{\"@type\":\"Organization\",\"@id\":\"https:\/\/lazord-beauty.com\/fr\/#organization\",\"name\":\"Lazord Beauty\",\"url\":\"https:\/\/lazord-beauty.com\/fr\/\",\"logo\":{\"@type\":\"ImageObject\",\"inLanguage\":\"ar\",\"@id\":\"https:\/\/lazord-beauty.com\/fr\/#\/schema\/logo\/image\/\",\"url\":\"https:\/\/lazord-beauty.com\/wp-content\/uploads\/2022\/04\/cropped-7ae3d6b7-a26b-4536-b4be-a4d4deed593b-removebg-preview-1.png\",\"contentUrl\":\"https:\/\/lazord-beauty.com\/wp-content\/uploads\/2022\/04\/cropped-7ae3d6b7-a26b-4536-b4be-a4d4deed593b-removebg-preview-1.png\",\"width\":202,\"height\":212,\"caption\":\"Lazord Beauty\"},\"image\":{\"@id\":\"https:\/\/lazord-beauty.com\/fr\/#\/schema\/logo\/image\/\"}}]}<\/script>\n<!-- \/ Yoast SEO plugin. -->","yoast_head_json":{"title":"Box 3 \u2013 Sp\u00e9cial Boucles Love Lazord - Lazord Beauty","description":"Box Lazord sp\u00e9ciale cheveux boucl\u00e9s avec shampoing sans sulfate et leave-in activateur de boucles pour hydrater, d\u00e9finir et r\u00e9duire les frisottis.","robots":{"index":"index","follow":"follow","max-snippet":"max-snippet:-1","max-image-preview":"max-image-preview:large","max-video-preview":"max-video-preview:-1"},"canonical":"https:\/\/lazord-beauty.com\/ar\/produit\/box-3-special-boucles-love-lazord-ht\/","og_locale":"ar_AR","og_type":"article","og_title":"Box 3 \u2013 Sp\u00e9cial Boucles Love Lazord - Lazord Beauty","og_description":"Box Lazord sp\u00e9ciale cheveux boucl\u00e9s avec shampoing sans sulfate et leave-in activateur de boucles pour hydrater, d\u00e9finir et r\u00e9duire les frisottis.","og_url":"https:\/\/lazord-beauty.com\/ar\/produit\/box-3-special-boucles-love-lazord-ht\/","og_site_name":"Lazord Beauty","article_modified_time":"2026-03-15T19:53:52+00:00","og_image":[{"width":1080,"height":1080,"url":"https:\/\/lazord-beauty.com\/wp-content\/uploads\/2026\/02\/2.png","type":"image\/png"}],"twitter_card":"summary_large_image","schema":{"@context":"https:\/\/schema.org","@graph":[{"@type":"WebPage","@id":"https:\/\/lazord-beauty.com\/produit\/box-3-special-boucles-love-lazord-ht\/","url":"https:\/\/lazord-beauty.com\/produit\/box-3-special-boucles-love-lazord-ht\/","name":"Box 3 \u2013 Sp\u00e9cial Boucles Love Lazord - Lazord Beauty","isPartOf":{"@id":"https:\/\/lazord-beauty.com\/fr\/#website"},"datePublished":"2025-02-04T09:34:00+00:00","dateModified":"2026-03-15T19:53:52+00:00","description":"Box Lazord sp\u00e9ciale cheveux boucl\u00e9s avec shampoing sans sulfate et leave-in activateur de boucles pour hydrater, d\u00e9finir et r\u00e9duire les frisottis.","breadcrumb":{"@id":"https:\/\/lazord-beauty.com\/produit\/box-3-special-boucles-love-lazord-ht\/#breadcrumb"},"inLanguage":"ar","potentialAction":[{"@type":"ReadAction","target":["https:\/\/lazord-beauty.com\/produit\/box-3-special-boucles-love-lazord-ht\/"]}]},{"@type":"BreadcrumbList","@id":"https:\/\/lazord-beauty.com\/produit\/box-3-special-boucles-love-lazord-ht\/#breadcrumb","itemListElement":[{"@type":"ListItem","position":1,"name":"Accueil","item":"https:\/\/lazord-beauty.com\/fr\/"},{"@type":"ListItem","position":2,"name":"Boutique","item":"https:\/\/lazord-beauty.com\/boutique\/"},{"@type":"ListItem","position":3,"name":"Box 3 \u2013 Sp\u00e9cial Boucles Love Lazord"}]},{"@type":"WebSite","@id":"https:\/\/lazord-beauty.com\/fr\/#website","url":"https:\/\/lazord-beauty.com\/fr\/","name":"Lazord Beauty","description":"Soins professionnels des cheveux","publisher":{"@id":"https:\/\/lazord-beauty.com\/fr\/#organization"},"potentialAction":[{"@type":"SearchAction","target":{"@type":"EntryPoint","urlTemplate":"https:\/\/lazord-beauty.com\/fr\/?s={search_term_string}"},"query-input":"required name=search_term_string"}],"inLanguage":"ar"},{"@type":"Organization","@id":"https:\/\/lazord-beauty.com\/fr\/#organization","name":"Lazord Beauty","url":"https:\/\/lazord-beauty.com\/fr\/","logo":{"@type":"ImageObject","inLanguage":"ar","@id":"https:\/\/lazord-beauty.com\/fr\/#\/schema\/logo\/image\/","url":"https:\/\/lazord-beauty.com\/wp-content\/uploads\/2022\/04\/cropped-7ae3d6b7-a26b-4536-b4be-a4d4deed593b-removebg-preview-1.png","contentUrl":"https:\/\/lazord-beauty.com\/wp-content\/uploads\/2022\/04\/cropped-7ae3d6b7-a26b-4536-b4be-a4d4deed593b-removebg-preview-1.png","width":202,"height":212,"caption":"Lazord Beauty"},"image":{"@id":"https:\/\/lazord-beauty.com\/fr\/#\/schema\/logo\/image\/"}}]}},"_links":{"self":[{"href":"https:\/\/lazord-beauty.com\/ar\/wp-json\/wp\/v2\/product\/11149"}],"collection":[{"href":"https:\/\/lazord-beauty.com\/ar\/wp-json\/wp\/v2\/product"}],"about":[{"href":"https:\/\/lazord-beauty.com\/ar\/wp-json\/wp\/v2\/types\/product"}],"version-history":[{"count":14,"href":"https:\/\/lazord-beauty.com\/ar\/wp-json\/wp\/v2\/product\/11149\/revisions"}],"predecessor-version":[{"id":12092,"href":"https:\/\/lazord-beauty.com\/ar\/wp-json\/wp\/v2\/product\/11149\/revisions\/12092"}],"wp:featuredmedia":[{"embeddable":true,"href":"https:\/\/lazord-beauty.com\/ar\/wp-json\/wp\/v2\/media\/11788"}],"wp:attachment":[{"href":"https:\/\/lazord-beauty.com\/ar\/wp-json\/wp\/v2\/media?parent=11149"}],"wp:term":[{"taxonomy":"product_cat","embeddable":true,"href":"https:\/\/lazord-beauty.com\/ar\/wp-json\/wp\/v2\/product_cat?post=11149"},{"taxonomy":"product_tag","embeddable":true,"href":"https:\/\/lazord-beauty.com\/ar\/wp-json\/wp\/v2\/product_tag?post=11149"}],"curies":[{"name":"wp","href":"https:\/\/api.w.org\/{rel}","templated":true}]}}